{"id":1039,"date":"2024-10-07T16:31:11","date_gmt":"2024-10-07T14:31:11","guid":{"rendered":"https:\/\/essencechristique.ch\/?page_id=1039"},"modified":"2024-10-07T19:21:35","modified_gmt":"2024-10-07T17:21:35","slug":"formacao-as-7-luzes-de-elevacao-da-sua-luz","status":"publish","type":"page","link":"https:\/\/essencechristique.ch\/pt-pt\/os-meus-ensinamentos-celestiais\/formacao-as-7-luzes-de-elevacao-da-sua-luz\/","title":{"rendered":"Forma\u00e7\u00e3o As 7 luzes de eleva\u00e7\u00e3o da sua luz"},"content":{"rendered":"","protected":false},"excerpt":{"rendered":"","protected":false},"author":1,"featured_media":0,"parent":539,"menu_order":0,"comment_status":"closed","ping_status":"closed","template":"","meta":{"_bbp_topic_count":0,"_bbp_reply_count":0,"_bbp_total_topic_count":0,"_bbp_total_reply_count":0,"_bbp_voice_count":0,"_bbp_anonymous_reply_count":0,"_bbp_topic_count_hidden":0,"_bbp_reply_count_hidden":0,"_bbp_forum_subforum_count":0,"footnotes":""},"class_list":["post-1039","page","type-page","status-publish","post-password-required","hentry","rcp-is-restricted","rcp-no-access"],"_links":{"self":[{"href":"https:\/\/essencechristique.ch\/pt-pt\/wp-json\/wp\/v2\/pages\/1039","targetHints":{"allow":["GET"]}}],"collection":[{"href":"https:\/\/essencechristique.ch\/pt-pt\/wp-json\/wp\/v2\/pages"}],"about":[{"href":"https:\/\/essencechristique.ch\/pt-pt\/wp-json\/wp\/v2\/types\/page"}],"author":[{"embeddable":true,"href":"https:\/\/essencechristique.ch\/pt-pt\/wp-json\/wp\/v2\/users\/1"}],"replies":[{"embeddable":true,"href":"https:\/\/essencechristique.ch\/pt-pt\/wp-json\/wp\/v2\/comments?post=1039"}],"version-history":[{"count":16,"href":"https:\/\/essencechristique.ch\/pt-pt\/wp-json\/wp\/v2\/pages\/1039\/revisions"}],"predecessor-version":[{"id":1082,"href":"https:\/\/essencechristique.ch\/pt-pt\/wp-json\/wp\/v2\/pages\/1039\/revisions\/1082"}],"up":[{"embeddable":true,"href":"https:\/\/essencechristique.ch\/pt-pt\/wp-json\/wp\/v2\/pages\/539"}],"wp:attachment":[{"href":"https:\/\/essencechristique.ch\/pt-pt\/wp-json\/wp\/v2\/media?parent=1039"}],"curies":[{"name":"wp","href":"https:\/\/api.w.org\/{rel}","templated":true}]}}