{"id":1801,"date":"2025-04-16T16:19:27","date_gmt":"2025-04-16T14:19:27","guid":{"rendered":"https:\/\/essencechristique.ch\/reunion-des-coeurs-2\/"},"modified":"2025-12-03T22:58:38","modified_gmt":"2025-12-03T21:58:38","slug":"reuniao-dos-coracoes","status":"publish","type":"page","link":"https:\/\/essencechristique.ch\/pt-pt\/reuniao-dos-coracoes\/","title":{"rendered":"Reuni\u00e3o dos Cora\u00e7\u00f5es"},"content":{"rendered":"<h1>Reuni\u00e3o dos Cora\u00e7\u00f5es<\/h1>\n<div>\n<p>Este f\u00f3rum \u00e9 dedicado \u00e0 partilha e \u00e0 troca atrav\u00e9s do amor do cora\u00e7\u00e3o.<br \/>Aprendamos a conhecer-nos melhor atrav\u00e9s da uni\u00e3o e da aceita\u00e7\u00e3o dos nossos cora\u00e7\u00f5es dentro de n\u00f3s mesmos. Que ele exprima toda a sua bondade e a maravilha do seu amor para connosco, o ser em que reside. Que ele nos guie atrav\u00e9s do seu amor pelos caminhos verdes da sabedoria e da alegria em dire\u00e7\u00e3o ao destino da nossa vida.<br \/>Ao percorrermos juntos este caminho, aceitemos ser amados e guiados por esta ess\u00eancia de amor que reside no nosso cora\u00e7\u00e3o, a sagrada ess\u00eancia divina da nossa intimidade, do nosso interior divino.<br \/>A ess\u00eancia do amor \u00e9 a luz mais energizante na nossa intimidade. Vamos despertar esse alimento sagrado nos nossos cora\u00e7\u00f5es.<br \/>Acedamos ao cora\u00e7\u00e3o atrav\u00e9s da medita\u00e7\u00e3o e, em sil\u00eancio, purifiquemo-lo de toda a escurid\u00e3o. Perdoemo-nos pelas nossas faltas e pecados, perdoemos aqueles que nos rodeiam, devolvendo assim a liberdade ao nosso cora\u00e7\u00e3o e ao seu potencial de amor.<br \/>Ent\u00e3o, atrav\u00e9s da ess\u00eancia do amor resplandecente com a sua maravilha e bondade, tudo nos ser\u00e1 permitido e alcan\u00e7\u00e1vel. Claro que, desde que esteja de acordo com o cora\u00e7\u00e3o, que o respeitemos e o abramos ao nosso amor divino, ao Amor Divino do Senhor Jesus. \u00c9 a alquimia mais ben\u00e9fica que podemos oferecer ao nosso cora\u00e7\u00e3o de amor.<br \/>Venha partilhar comigo. Durante estas trocas ser\u00e1 convidado a expressar as suas necessidades para alcan\u00e7ar uma verdadeira conex\u00e3o com o seu cora\u00e7\u00e3o.<br \/>Eu apoi\u00e1-lo-ei com base nos meus sentimentos e nas suas expectativas. Estou \u00e0 sua espera.<br \/>Vou gui\u00e1-lo em dire\u00e7\u00e3o \u00e0 sua alian\u00e7a luminosa e ajud\u00e1-lo a :<\/p>\n<\/div>\n<ul>\n<li>\n<div>Cuidar dele<\/div>\n<\/li>\n<li>\n<div>Aceitar o seu amor<\/div>\n<\/li>\n<li>\n<div>Am\u00e1-lo plenamente<\/div>\n<\/li>\n<li>\n<div>Compartilhar e receber atrav\u00e9s dele<\/div>\n<\/li>\n<li>\n<div>Conectar-se a ele<\/div>\n<\/li>\n<li>\n<div>Escut\u00e1-lo profundamente<\/div>\n<\/li>\n<\/ul>\n<div>\n<p>Para um acompanhamento pessoal, contate-me <a href=\"mailto:contact@essencechristique.ch\">contact@essencechristique.ch<\/a><\/p>\n<p>Com carinho do meu cora\u00e7\u00e3o de amor.<br \/>Fgomes<\/p>\n<\/div>\n<h2>Acesso ao f\u00f3rum<\/h2>\n<div>\n<p>Para aceder ao f\u00f3rum de discuss\u00e3o, \u00e9 necess\u00e1rio <strong>criar uma conta no s\u00edtio<\/strong>. O registo \u00e9 gratuito. <a href=\"https:\/\/essencechristique.ch\/pt-pt\/inscrever-se\/?level=34\"><strong>Clique aqui para criar uma conta.<\/strong><\/a><\/p>\n<p>Se j\u00e1 tiver uma conta, <strong><a href=\"https:\/\/essencechristique.ch\/pt-pt\/login\/\">pode iniciar sess\u00e3o<\/a><\/strong> e aceder ao f\u00f3rum.<\/p>\n<\/div>\n<p><p>\n        <a href=\"https:\/\/essencechristique.ch\/pt-pt\/forum\/\">Aceder ao f\u00f3rum<\/a>\n    <\/p>\n<\/p>\n<p><!--more--><br \/>\n<!-- {\"type\":\"layout\",\"children\":[{\"type\":\"section\",\"props\":{\"image_position\":\"center-center\",\"style\":\"default\",\"title_breakpoint\":\"xl\",\"title_position\":\"top-left\",\"title_rotation\":\"left\",\"vertical_align\":\"middle\",\"width\":\"default\"},\"children\":[{\"type\":\"row\",\"children\":[{\"type\":\"column\",\"props\":{\"image_position\":\"center-center\",\"position_sticky_breakpoint\":\"m\"},\"children\":[{\"type\":\"headline\",\"props\":{\"content\":\"Reuni\\u00e3o dos Cora\\u00e7\\u00f5es\",\"title_element\":\"h1\"}},{\"type\":\"text\",\"props\":{\"column_breakpoint\":\"m\",\"content\":\"\n\n<p>Este f\\u00f3rum \\u00e9 dedicado \\u00e0 partilha e \\u00e0 troca atrav\\u00e9s do amor do cora\\u00e7\\u00e3o.<br \\\/>Aprendamos a conhecer-nos melhor atrav\\u00e9s da uni\\u00e3o e da aceita\\u00e7\\u00e3o dos nossos cora\\u00e7\\u00f5es dentro de n\\u00f3s mesmos. Que ele exprima toda a sua bondade e a maravilha do seu amor para connosco, o ser em que reside. Que ele nos guie atrav\\u00e9s do seu amor pelos caminhos verdes da sabedoria e da alegria em dire\\u00e7\\u00e3o ao destino da nossa vida.<br \\\/>Ao percorrermos juntos este caminho, aceitemos ser amados e guiados por esta ess\\u00eancia de amor que reside no nosso cora\\u00e7\\u00e3o, a sagrada ess\\u00eancia divina da nossa intimidade, do nosso interior divino.<br \\\/>A ess\\u00eancia do amor \\u00e9 a luz mais energizante na nossa intimidade. Vamos despertar esse alimento sagrado nos nossos cora\\u00e7\\u00f5es.<br \\\/>Acedamos ao cora\\u00e7\\u00e3o atrav\\u00e9s da medita\\u00e7\\u00e3o e, em sil\\u00eancio, purifiquemo-lo de toda a escurid\\u00e3o. Perdoemo-nos pelas nossas faltas e pecados, perdoemos aqueles que nos rodeiam, devolvendo assim a liberdade ao nosso cora\\u00e7\\u00e3o e ao seu potencial de amor.<br \\\/>Ent\\u00e3o, atrav\\u00e9s da ess\\u00eancia do amor resplandecente com a sua maravilha e bondade, tudo nos ser\\u00e1 permitido e alcan\\u00e7\\u00e1vel. Claro que, desde que esteja de acordo com o cora\\u00e7\\u00e3o, que o respeitemos e o abramos ao nosso amor divino, ao Amor Divino do Senhor Jesus. \\u00c9 a alquimia mais ben\\u00e9fica que podemos oferecer ao nosso cora\\u00e7\\u00e3o de amor.<br \\\/>Venha partilhar comigo. Durante estas trocas ser\\u00e1 convidado a expressar as suas necessidades para alcan\\u00e7ar uma verdadeira conex\\u00e3o com o seu cora\\u00e7\\u00e3o.<br \\\/>Eu apoi\\u00e1-lo-ei com base nos meus sentimentos e nas suas expectativas. Estou \\u00e0 sua espera.<br \\\/>Vou gui\\u00e1-lo em dire\\u00e7\\u00e3o \\u00e0 sua alian\\u00e7a luminosa e ajud\\u00e1-lo a :<\\\/p>\",\"margin\":\"default\"}},{\"type\":\"list\",\"props\":{\"column_breakpoint\":\"m\",\"icon\":\"heart\",\"icon_color\":\"danger\",\"image_align\":\"left\",\"image_svg_color\":\"emphasis\",\"image_vertical_align\":true,\"list_element\":\"ul\",\"list_horizontal_separator\":\", \",\"list_type\":\"vertical\",\"show_image\":true,\"show_link\":true},\"children\":[{\"type\":\"list_item\",\"props\":{\"content\":\"Cuidar dele\"}},{\"type\":\"list_item\",\"props\":{\"content\":\"Aceitar o seu amor\"}},{\"type\":\"list_item\",\"props\":{\"content\":\"Am\\u00e1-lo plenamente\"}},{\"type\":\"list_item\",\"props\":{\"content\":\"Compartilhar e receber atrav\\u00e9s dele\"}},{\"type\":\"list_item\",\"props\":{\"content\":\"Conectar-se a ele\"}},{\"type\":\"list_item\",\"props\":{\"content\":\"Escut\\u00e1-lo profundamente\"}}]},{\"type\":\"text\",\"props\":{\"column_breakpoint\":\"m\",\"content\":\"\n\n<p>Para um acompanhamento pessoal, contate-me <a href=\\\"mailto:contact@essencechristique.ch\\\">contact@essencechristique.ch<\\\/a><\\\/p>\\n\n\n<p>Com carinho do meu cora\\u00e7\\u00e3o de amor.<br \\\/>Fgomes<\\\/p>\",\"margin\":\"default\"}}]}]}]},{\"type\":\"section\",\"props\":{\"image_position\":\"center-center\",\"style\":\"muted\",\"title_breakpoint\":\"xl\",\"title_position\":\"top-left\",\"title_rotation\":\"left\",\"vertical_align\":\"middle\",\"width\":\"default\"},\"children\":[{\"type\":\"row\",\"children\":[{\"type\":\"column\",\"props\":{\"image_position\":\"center-center\",\"position_sticky_breakpoint\":\"m\"},\"children\":[{\"type\":\"headline\",\"props\":{\"content\":\"Acesso ao f\\u00f3rum\",\"title_element\":\"h2\"}},{\"type\":\"text\",\"props\":{\"column_breakpoint\":\"m\",\"content\":\"\n\n<p>Para aceder ao f\\u00f3rum de discuss\\u00e3o, \\u00e9 necess\\u00e1rio <strong>criar uma conta no s\\u00edtio<\\\/strong>. O registo \\u00e9 gratuito. <a href=\\\"https:\\\/\\\/essencechristique.ch\\\/pt-pt\\\/inscrever-se\\\/?level=34\\\"><strong>Clique aqui para criar uma conta.<\\\/strong><\\\/a><\\\/p>\\n\n\n<p>Se j\\u00e1 tiver uma conta, <strong><a href=\\\"https:\\\/\\\/essencechristique.ch\\\/pt-pt\\\/login\\\/\\\">pode iniciar sess\\u00e3o<\\\/a><\\\/strong> e aceder ao f\\u00f3rum.<\\\/p>\",\"margin\":\"default\"}},{\"type\":\"button\",\"props\":{\"grid_column_gap\":\"small\",\"grid_row_gap\":\"small\",\"margin\":\"default\"},\"children\":[{\"type\":\"button_item\",\"props\":{\"button_style\":\"default\",\"content\":\"Aceder ao f\\u00f3rum\",\"dialog_layout\":\"modal\",\"dialog_offcanvas_flip\":true,\"icon_align\":\"left\",\"link\":\"pt-pt\\\/forum\\\/\"}}]}]}]}]}],\"version\":\"4.5.14\"} --><\/p>\n","protected":false},"excerpt":{"rendered":"<p>Reuni\u00e3o dos Cora\u00e7\u00f5es Este f\u00f3rum \u00e9 dedicado \u00e0 partilha e \u00e0 troca atrav\u00e9s do amor do cora\u00e7\u00e3o.Aprendamos a conhecer-nos melhor atrav\u00e9s da uni\u00e3o e da aceita\u00e7\u00e3o dos nossos cora\u00e7\u00f5es dentro de n\u00f3s mesmos. Que ele exprima toda a sua bondade e a maravilha do seu amor para connosco, o ser em que reside. Que ele [&hellip;]<\/p>\n","protected":false},"author":1,"featured_media":0,"parent":0,"menu_order":0,"comment_status":"closed","ping_status":"closed","template":"","meta":{"_bbp_topic_count":0,"_bbp_reply_count":0,"_bbp_total_topic_count":0,"_bbp_total_reply_count":0,"_bbp_voice_count":0,"_bbp_anonymous_reply_count":0,"_bbp_topic_count_hidden":0,"_bbp_reply_count_hidden":0,"_bbp_forum_subforum_count":0,"footnotes":""},"class_list":["post-1801","page","type-page","status-publish","hentry"],"_links":{"self":[{"href":"https:\/\/essencechristique.ch\/pt-pt\/wp-json\/wp\/v2\/pages\/1801","targetHints":{"allow":["GET"]}}],"collection":[{"href":"https:\/\/essencechristique.ch\/pt-pt\/wp-json\/wp\/v2\/pages"}],"about":[{"href":"https:\/\/essencechristique.ch\/pt-pt\/wp-json\/wp\/v2\/types\/page"}],"author":[{"embeddable":true,"href":"https:\/\/essencechristique.ch\/pt-pt\/wp-json\/wp\/v2\/users\/1"}],"replies":[{"embeddable":true,"href":"https:\/\/essencechristique.ch\/pt-pt\/wp-json\/wp\/v2\/comments?post=1801"}],"version-history":[{"count":9,"href":"https:\/\/essencechristique.ch\/pt-pt\/wp-json\/wp\/v2\/pages\/1801\/revisions"}],"predecessor-version":[{"id":2327,"href":"https:\/\/essencechristique.ch\/pt-pt\/wp-json\/wp\/v2\/pages\/1801\/revisions\/2327"}],"wp:attachment":[{"href":"https:\/\/essencechristique.ch\/pt-pt\/wp-json\/wp\/v2\/media?parent=1801"}],"curies":[{"name":"wp","href":"https:\/\/api.w.org\/{rel}","templated":true}]}}