{"id":465,"date":"2025-12-03T22:37:26","date_gmt":"2025-12-03T21:37:26","guid":{"rendered":"https:\/\/essencechristique.ch\/?page_id=465"},"modified":"2025-12-05T10:57:37","modified_gmt":"2025-12-05T09:57:37","slug":"inicio","status":"publish","type":"page","link":"https:\/\/essencechristique.ch\/pt-pt\/","title":{"rendered":"In\u00edcio"},"content":{"rendered":"<h1>Essence Christique<\/h1>\n<div>\n<p>        <img decoding=\"async\" src=\"\/wp-content\/uploads\/2024\/07\/Fernanda.jpg\" alt=\"\"><\/p>\n<div>\n<p>Queridas almas na terra,<\/p>\n<p>Aqui, tudo \u00e9 compartilhado consigo pela Ess\u00eancia Cr\u00edstica.<\/p>\n<p>Este site lhe \u00e9 dedicado, a si que busca a paz, o amor no seu cora\u00e7\u00e3o e a luz em todo o seu ser e na sua alma amada.<\/p>\n<p>Para alcan\u00e7ar esta plenitude dentro de si, no seu ser interior \u00e9 necess\u00e1rio seguir um caminho. Este por vezes, pode ser dif\u00edcil e ca\u00f3tico e voc\u00ea vai querer desistir de tudo por momentos.<\/p>\n<\/div>\n<\/div>\n<div>\n<p>Ent\u00e3o, Eu lhe digo, \u00e9 nesses momentos que voc\u00ea deve perseverar e manter a f\u00e9, para continuar o caminho em dire\u00e7\u00e3o \u00e0 sua luz \u00edntima e ao divino que existe dentro de si.<br \/>Eu estarei sempre do seu lado. Mesmo que voc\u00ea n\u00e3o acredite em Mim, Eu estarei consigo.<br \/>E, se voc\u00ea Me chamar, Eu me manifestarei dentro de si.<br \/>Eu sou o vosso Senhor Jesus Cristo, aquele que fala consigo atrav\u00e9s da Fernanda.<br \/>Tudo o que lhe for transmitido neste site vir\u00e1 de Mim e dos Planos Celestes.<br \/>Fernanda, \u00e9 a minha mensageira de luz na terra. Ela concordou em falar consigo, lhe transmitir, o ensinar e o curar atrav\u00e9s do meu amor no seu cora\u00e7\u00e3o, pela minha presen\u00e7a nela, de ser um intermedi\u00e1rio entre o C\u00e9u e a Terra.<\/p>\n<p>Eu amo todos voc\u00eas, meus irm\u00e3os e irm\u00e3s de luz.<br \/>Eu sou, o vosso Senhor Jesus.<\/p>\n<\/div>\n<div>\n<p>\u201cJesus \u00e9 amor,<br \/>Jesus \u00e9 ternura e piedade,<br \/>Jesus \u00e9 o nosso terno e doce apoio,<br \/>A nossa b\u00fassola e a nossa ajuda.<br \/>Abra um lugar para Ele no seu cora\u00e7\u00e3o,<br \/>E alegre-se de tanto amor dentro de si.\u201d<\/p>\n<p>\u201cA vida \u00e9 como o mar para navegar,<br \/>Com as suas ondas calmas e turbulentas ao mesmo tempo,<br \/>Com a sua tranquilidade ben\u00e9fica,<br \/>Uma vez que a tempestade passou.<br \/>Pela uni\u00e3o do cora\u00e7\u00e3o,<br \/>Tudo \u00e9 poss\u00edvel e acess\u00edvel para n\u00f3s.<br \/>A f\u00e9 \u00e9 essencial,<br \/>Na nossa jornada de vida.<br \/>A confian\u00e7a em Jesus \u00e9 essencial,<br \/>Para alcan\u00e7ar o nosso objetivo final.<br \/>A ascens\u00e3o \u00e0 luz da nossa alma,<br \/>E a alian\u00e7a divina e consciente,<br \/>Com a sua luz sagrada.<br \/>Deus Pai Todo-Poderoso,<br \/>Deus misericordioso e bom.\u201d<\/p>\n<\/div>\n<div>\n<p>Dou-lhe as boas-vindas no meu espa\u00e7o sagrado e divino.<br \/>Que ele seja a sua b\u00fassola de orienta\u00e7\u00e3o para a paz e o amor no seu cora\u00e7\u00e3o, para a uni\u00e3o celestial com a luz da sua alma.<\/p>\n<p>Com ternura, com o meu cora\u00e7\u00e3o de amor.<br \/>Maria Fernanda Gomes Assis<\/p>\n<\/div>\n<p><!--more--><br \/>\n<!-- {\"type\":\"layout\",\"children\":[{\"type\":\"section\",\"props\":{\"image\":\"wp-content\\\/uploads\\\/2024\\\/07\\\/ciel.jpg\",\"image_parallax_bgy\":\"100,100\",\"image_position\":\"center-center\",\"image_size\":\"cover\",\"padding\":\"xlarge\",\"style\":\"default\",\"title_breakpoint\":\"xl\",\"title_position\":\"top-left\",\"title_rotation\":\"left\",\"vertical_align\":\"middle\",\"width\":\"default\"},\"children\":[{\"type\":\"row\",\"children\":[{\"type\":\"column\",\"props\":{\"image_position\":\"center-center\",\"position_sticky_breakpoint\":\"m\"},\"children\":[{\"type\":\"headline\",\"props\":{\"content\":\"Essence Christique\",\"text_align\":\"center\",\"title_element\":\"h1\",\"title_style\":\"heading-small\"}}]}]}]},{\"type\":\"section\",\"props\":{\"image_position\":\"center-center\",\"style\":\"muted\",\"title_breakpoint\":\"xl\",\"title_position\":\"top-left\",\"title_rotation\":\"left\",\"vertical_align\":\"middle\",\"width\":\"default\"},\"children\":[{\"type\":\"row\",\"children\":[{\"type\":\"column\",\"props\":{\"image_position\":\"center-center\",\"position_sticky_breakpoint\":\"m\"},\"children\":[{\"type\":\"panel\",\"props\":{\"content\":\"\n\n<p>Queridas almas na terra,<\\\/p>\\n\n\n<p>Aqui, tudo \\u00e9 compartilhado consigo pela Ess\\u00eancia Cr\\u00edstica.<\\\/p>\\n\n\n<p>Este site lhe \\u00e9 dedicado, a si que busca a paz, o amor no seu cora\\u00e7\\u00e3o e a luz em todo o seu ser e na sua alma amada.<\\\/p>\\n\n\n<p>Para alcan\\u00e7ar esta plenitude dentro de si, no seu ser interior \\u00e9 necess\\u00e1rio seguir um caminho. Este por vezes, pode ser dif\\u00edcil e ca\\u00f3tico e voc\\u00ea vai querer desistir de tudo por momentos.<\\\/p>\",\"content_column_breakpoint\":\"m\",\"icon_width\":80,\"image\":\"wp-content\\\/uploads\\\/2024\\\/07\\\/Fernanda.jpg\",\"image_align\":\"right\",\"image_border\":\"rounded\",\"image_box_shadow\":\"medium\",\"image_grid_breakpoint\":\"m\",\"image_grid_width\":\"1-5\",\"image_height\":220,\"image_svg_color\":\"emphasis\",\"link_style\":\"default\",\"link_text\":\"Read more\",\"margin\":\"default\",\"meta_align\":\"below-title\",\"meta_element\":\"div\",\"meta_style\":\"text-meta\",\"title_align\":\"top\",\"title_element\":\"h3\",\"title_grid_breakpoint\":\"m\",\"title_grid_width\":\"1-2\",\"title_hover_style\":\"reset\"}},{\"type\":\"text\",\"props\":{\"column_breakpoint\":\"m\",\"content\":\"\n\n<p>Ent\\u00e3o, Eu lhe digo, \\u00e9 nesses momentos que voc\\u00ea deve perseverar e manter a f\\u00e9, para continuar o caminho em dire\\u00e7\\u00e3o \\u00e0 sua luz \\u00edntima e ao divino que existe dentro de si.<br \\\/>Eu estarei sempre do seu lado. Mesmo que voc\\u00ea n\\u00e3o acredite em Mim, Eu estarei consigo.<br \\\/>E, se voc\\u00ea Me chamar, Eu me manifestarei dentro de si.<br \\\/>Eu sou o vosso Senhor Jesus Cristo, aquele que fala consigo atrav\\u00e9s da Fernanda.<br \\\/>Tudo o que lhe for transmitido neste site vir\\u00e1 de Mim e dos Planos Celestes.<br \\\/>Fernanda, \\u00e9 a minha mensageira de luz na terra. Ela concordou em falar consigo, lhe transmitir, o ensinar e o curar atrav\\u00e9s do meu amor no seu cora\\u00e7\\u00e3o, pela minha presen\\u00e7a nela, de ser um intermedi\\u00e1rio entre o C\\u00e9u e a Terra.<\\\/p>\\n\n\n<p>Eu amo todos voc\\u00eas, meus irm\\u00e3os e irm\\u00e3s de luz.<br \\\/>Eu sou, o vosso Senhor Jesus.<\\\/p>\",\"margin\":\"default\"}}]}]}]},{\"type\":\"section\",\"props\":{\"image\":\"wp-content\\\/uploads\\\/2024\\\/07\\\/Image1.png\",\"image_height\":700,\"image_position\":\"center-left\",\"media_overlay\":\"rgba(0, 0, 0, 0)\",\"style\":\"default\",\"title_breakpoint\":\"xl\",\"title_position\":\"top-left\",\"title_rotation\":\"left\",\"vertical_align\":\"middle\",\"width\":\"default\"},\"children\":[{\"type\":\"row\",\"children\":[{\"type\":\"column\",\"props\":{\"image_position\":\"center-center\",\"position_sticky_breakpoint\":\"m\"},\"children\":[{\"type\":\"text\",\"props\":{\"column_breakpoint\":\"m\",\"content\":\"\n\n<p>\\u201cJesus \\u00e9 amor,<br \\\/>Jesus \\u00e9 ternura e piedade,<br \\\/>Jesus \\u00e9 o nosso terno e doce apoio,<br \\\/>A nossa b\\u00fassola e a nossa ajuda.<br \\\/>Abra um lugar para Ele no seu cora\\u00e7\\u00e3o,<br \\\/>E alegre-se de tanto amor dentro de si.\\u201d<\\\/p>\\n\n\n<p>\\u201cA vida \\u00e9 como o mar para navegar,<br \\\/>Com as suas ondas calmas e turbulentas ao mesmo tempo,<br \\\/>Com a sua tranquilidade ben\\u00e9fica,<br \\\/>Uma vez que a tempestade passou.<br \\\/>Pela uni\\u00e3o do cora\\u00e7\\u00e3o,<br \\\/>Tudo \\u00e9 poss\\u00edvel e acess\\u00edvel para n\\u00f3s.<br \\\/>A f\\u00e9 \\u00e9 essencial,<br \\\/>Na nossa jornada de vida.<br \\\/>A confian\\u00e7a em Jesus \\u00e9 essencial,<br \\\/>Para alcan\\u00e7ar o nosso objetivo final.<br \\\/>A ascens\\u00e3o \\u00e0 luz da nossa alma,<br \\\/>E a alian\\u00e7a divina e consciente,<br \\\/>Com a sua luz sagrada.<br \\\/>Deus Pai Todo-Poderoso,<br \\\/>Deus misericordioso e bom.\\u201d<\\\/p>\",\"margin\":\"default\",\"text_align\":\"center\"}}]}]}]},{\"type\":\"section\",\"props\":{\"image_position\":\"center-center\",\"style\":\"muted\",\"title_breakpoint\":\"xl\",\"title_position\":\"top-left\",\"title_rotation\":\"left\",\"vertical_align\":\"middle\",\"width\":\"default\"},\"children\":[{\"type\":\"row\",\"children\":[{\"type\":\"column\",\"props\":{\"image_position\":\"center-center\",\"position_sticky_breakpoint\":\"m\"},\"children\":[{\"type\":\"text\",\"props\":{\"column_breakpoint\":\"m\",\"content\":\"\n\n<p>Dou-lhe as boas-vindas no meu espa\\u00e7o sagrado e divino.<br \\\/>Que ele seja a sua b\\u00fassola de orienta\\u00e7\\u00e3o para a paz e o amor no seu cora\\u00e7\\u00e3o, para a uni\\u00e3o celestial com a luz da sua alma.<\\\/p>\\n\n\n<p>Com ternura, com o meu cora\\u00e7\\u00e3o de amor.<br \\\/>Maria Fernanda Gomes Assis<\\\/p>\",\"margin\":\"default\"}}]}]}]}],\"version\":\"4.5.32\"} --><\/p>\n","protected":false},"excerpt":{"rendered":"<p>Essence Christique Queridas almas na terra, Aqui, tudo \u00e9 compartilhado consigo pela Ess\u00eancia Cr\u00edstica. Este site lhe \u00e9 dedicado, a si que busca a paz, o amor no seu cora\u00e7\u00e3o e a luz em todo o seu ser e na sua alma amada. Para alcan\u00e7ar esta plenitude dentro de si, no seu ser interior \u00e9 [&hellip;]<\/p>\n","protected":false},"author":1,"featured_media":0,"parent":0,"menu_order":0,"comment_status":"closed","ping_status":"closed","template":"","meta":{"_bbp_topic_count":0,"_bbp_reply_count":0,"_bbp_total_topic_count":0,"_bbp_total_reply_count":0,"_bbp_voice_count":0,"_bbp_anonymous_reply_count":0,"_bbp_topic_count_hidden":0,"_bbp_reply_count_hidden":0,"_bbp_forum_subforum_count":0,"footnotes":""},"class_list":["post-465","page","type-page","status-publish","hentry"],"_links":{"self":[{"href":"https:\/\/essencechristique.ch\/pt-pt\/wp-json\/wp\/v2\/pages\/465","targetHints":{"allow":["GET"]}}],"collection":[{"href":"https:\/\/essencechristique.ch\/pt-pt\/wp-json\/wp\/v2\/pages"}],"about":[{"href":"https:\/\/essencechristique.ch\/pt-pt\/wp-json\/wp\/v2\/types\/page"}],"author":[{"embeddable":true,"href":"https:\/\/essencechristique.ch\/pt-pt\/wp-json\/wp\/v2\/users\/1"}],"replies":[{"embeddable":true,"href":"https:\/\/essencechristique.ch\/pt-pt\/wp-json\/wp\/v2\/comments?post=465"}],"version-history":[{"count":5,"href":"https:\/\/essencechristique.ch\/pt-pt\/wp-json\/wp\/v2\/pages\/465\/revisions"}],"predecessor-version":[{"id":2152,"href":"https:\/\/essencechristique.ch\/pt-pt\/wp-json\/wp\/v2\/pages\/465\/revisions\/2152"}],"wp:attachment":[{"href":"https:\/\/essencechristique.ch\/pt-pt\/wp-json\/wp\/v2\/media?parent=465"}],"curies":[{"name":"wp","href":"https:\/\/api.w.org\/{rel}","templated":true}]}}