{"id":501,"date":"2024-07-03T15:00:58","date_gmt":"2024-07-03T13:00:58","guid":{"rendered":"https:\/\/essencechristique.ch\/collection-coeursacre-poesie\/"},"modified":"2025-12-03T23:22:03","modified_gmt":"2025-12-03T22:22:03","slug":"colecao-sagradocoracao-poesia","status":"publish","type":"page","link":"https:\/\/essencechristique.ch\/pt-pt\/colecao-sagradocoracao-poesia\/","title":{"rendered":"Cole\u00e7\u00e3o SagradoCora\u00e7\u00e3o \u2013 Poesia"},"content":{"rendered":"\n<ul>\n<li>\n<p>    <img decoding=\"async\" src=\"\/wp-content\/uploads\/2024\/07\/Pagina-de-cobertura-Poemas-de-amor-e-de-sabios-conselhos.jpg\" alt=\"P\u00e1gina de cobertura - Poemas de amor e de s\u00e1bios conselhos\"><\/p>\n<h2>Poemas de amor e de s\u00e1bios conselhos<\/h2>\n<p>E-BOOK<\/p>\n<div>\n<p><span>Pre\u00e7o\u00a0<\/span>: 10.00 CHF<\/p>\n<\/div>\n<p><a href=\"https:\/\/essencechristique.ch\/pt-pt\/inscrever-se\/?level=16\">Encomendar &nbsp;&#10084;<\/a><\/p>\n<\/li>\n<li>\n<p>    <img decoding=\"async\" src=\"\/wp-content\/uploads\/2024\/07\/Pagina-de-cobertura-Illustracoes-femininas-inspiradoras.jpg\" alt=\"Pagina de cobertura - Illustra\u00e7\u00f4es femininas inspiradoras\"><\/p>\n<h2>Ilustra\u00e7\u00f5es femininas inspiradoras<\/h2>\n<p>E-BOOK<\/p>\n<div>\n<p><span>Pre\u00e7o\u00a0<\/span>: 6.00 CHF<\/p>\n<\/div>\n<p><a href=\"https:\/\/essencechristique.ch\/pt-pt\/inscrever-se\/?level=17\">Encomendar &nbsp;&#10084;<\/a><\/p>\n<\/li>\n<\/ul>\n<p><!--more--><br \/>\n<!-- {\"type\":\"layout\",\"children\":[{\"type\":\"section\",\"props\":{\"image\":\"wp-content\\\/uploads\\\/2024\\\/07\\\/livres-e-book-2.webp\",\"image_effect\":\"parallax\",\"image_parallax_bgy\":\"0,100\",\"image_position\":\"bottom-center\",\"image_size\":\"cover\",\"media_overlay\":\"rgba(255, 255, 255, 0.4)\",\"padding\":\"xlarge\",\"style\":\"default\",\"title_breakpoint\":\"xl\",\"title_position\":\"top-left\",\"title_rotation\":\"left\",\"vertical_align\":\"middle\",\"width\":\"default\"},\"children\":[{\"type\":\"row\",\"children\":[{\"type\":\"column\",\"props\":{\"image_position\":\"center-center\",\"position_sticky_breakpoint\":\"m\"},\"children\":[{\"type\":\"headline\",\"props\":{\"text_align\":\"center\",\"title_element\":\"h1\",\"title_style\":\"heading-small\"},\"source\":{\"query\":{\"name\":\"pages.singlePage\"},\"props\":{\"content\":{\"filters\":{\"search\":\"\"},\"name\":\"title\"}}}}]}]}],\"name\":\"Header e-books\"},{\"type\":\"section\",\"props\":{\"image_position\":\"center-center\",\"style\":\"default\",\"title_breakpoint\":\"xl\",\"title_position\":\"top-left\",\"title_rotation\":\"left\",\"vertical_align\":\"middle\",\"width\":\"default\"},\"children\":[{\"type\":\"row\",\"children\":[{\"type\":\"column\",\"props\":{\"image_position\":\"center-center\",\"position_sticky_breakpoint\":\"m\"},\"children\":[{\"type\":\"fs_grid\",\"props\":{\"advanced_enable_grid_1_custom\":true,\"advanced_enable_grid_2_custom\":false,\"advanced_enable_grid_3_custom\":false,\"advanced_enable_grid_4_custom\":false,\"advanced_enable_grid_5_custom\":false,\"advanced_enable_grid_6_custom\":false,\"advanced_enable_grids_empty_disable\":false,\"advanced_enable_grids_empty_notification\":true,\"advanced_enable_grids_hightlight\":true,\"advanced_grid\":false,\"advanced_item_layout\":false,\"content_column_breakpoint\":\"m\",\"content_limit_length\":\"80\",\"custom_10_element\":\"div\",\"custom_10_grid\":\"1\",\"custom_10_limit_length\":\"80\",\"custom_10_margin\":\"remove\",\"custom_10_meta_element\":\"div\",\"custom_10_meta_margin\":\"remove\",\"custom_10_meta_position\":\"above-custom-text\",\"custom_11_element\":\"div\",\"custom_11_grid\":\"1\",\"custom_11_limit_length\":\"80\",\"custom_11_margin\":\"remove\",\"custom_11_meta_element\":\"div\",\"custom_11_meta_margin\":\"remove\",\"custom_11_meta_position\":\"above-custom-text\",\"custom_12_element\":\"div\",\"custom_12_grid\":\"1\",\"custom_12_limit_length\":\"80\",\"custom_12_margin\":\"remove\",\"custom_12_meta_element\":\"div\",\"custom_12_meta_margin\":\"remove\",\"custom_12_meta_position\":\"above-custom-text\",\"custom_13_element\":\"div\",\"custom_13_grid\":\"1\",\"custom_13_limit_length\":\"80\",\"custom_13_margin\":\"remove\",\"custom_13_meta_element\":\"div\",\"custom_13_meta_margin\":\"remove\",\"custom_13_meta_position\":\"above-custom-text\",\"custom_14_element\":\"div\",\"custom_14_grid\":\"1\",\"custom_14_limit_length\":\"80\",\"custom_14_margin\":\"remove\",\"custom_14_meta_element\":\"div\",\"custom_14_meta_margin\":\"remove\",\"custom_14_meta_position\":\"above-custom-text\",\"custom_15_element\":\"div\",\"custom_15_grid\":\"1\",\"custom_15_limit_length\":\"80\",\"custom_15_margin\":\"remove\",\"custom_15_meta_element\":\"div\",\"custom_15_meta_margin\":\"remove\",\"custom_15_meta_position\":\"above-custom-text\",\"custom_16_element\":\"div\",\"custom_16_grid\":\"1\",\"custom_16_limit_length\":\"80\",\"custom_16_margin\":\"remove\",\"custom_16_meta_element\":\"div\",\"custom_16_meta_margin\":\"remove\",\"custom_16_meta_position\":\"above-custom-text\",\"custom_17_element\":\"div\",\"custom_17_grid\":\"1\",\"custom_17_limit_length\":\"80\",\"custom_17_margin\":\"remove\",\"custom_17_meta_element\":\"div\",\"custom_17_meta_margin\":\"remove\",\"custom_17_meta_position\":\"above-custom-text\",\"custom_18_element\":\"div\",\"custom_18_grid\":\"1\",\"custom_18_limit_length\":\"80\",\"custom_18_margin\":\"remove\",\"custom_18_meta_element\":\"div\",\"custom_18_meta_margin\":\"remove\",\"custom_18_meta_position\":\"above-custom-text\",\"custom_19_element\":\"div\",\"custom_19_grid\":\"1\",\"custom_19_limit_length\":\"80\",\"custom_19_margin\":\"remove\",\"custom_19_meta_element\":\"div\",\"custom_19_meta_margin\":\"remove\",\"custom_19_meta_position\":\"above-custom-text\",\"custom_1_element\":\"div\",\"custom_1_grid\":\"1\",\"custom_1_limit_length\":\"80\",\"custom_1_margin\":\"remove\",\"custom_1_meta_element\":\"div\",\"custom_1_meta_margin\":\"remove\",\"custom_1_meta_position\":\"above-custom-text\",\"custom_20_element\":\"div\",\"custom_20_grid\":\"1\",\"custom_20_limit_length\":\"80\",\"custom_20_margin\":\"remove\",\"custom_20_meta_element\":\"div\",\"custom_20_meta_margin\":\"remove\",\"custom_20_meta_position\":\"above-custom-text\",\"custom_2_element\":\"div\",\"custom_2_grid\":\"1\",\"custom_2_limit_length\":\"80\",\"custom_2_margin\":\"remove\",\"custom_2_meta_element\":\"div\",\"custom_2_meta_margin\":\"remove\",\"custom_2_meta_position\":\"above-custom-text\",\"custom_3_element\":\"div\",\"custom_3_grid\":\"1\",\"custom_3_limit_length\":\"80\",\"custom_3_margin\":\"remove\",\"custom_3_meta_element\":\"div\",\"custom_3_meta_margin\":\"remove\",\"custom_3_meta_position\":\"above-custom-text\",\"custom_4_element\":\"div\",\"custom_4_grid\":\"1\",\"custom_4_limit_length\":\"80\",\"custom_4_margin\":\"remove\",\"custom_4_meta_element\":\"div\",\"custom_4_meta_margin\":\"remove\",\"custom_4_meta_position\":\"above-custom-text\",\"custom_5_element\":\"div\",\"custom_5_grid\":\"1\",\"custom_5_limit_length\":\"80\",\"custom_5_margin\":\"remove\",\"custom_5_meta_element\":\"div\",\"custom_5_meta_margin\":\"remove\",\"custom_5_meta_position\":\"above-custom-text\",\"custom_6_element\":\"div\",\"custom_6_grid\":\"1\",\"custom_6_limit_length\":\"80\",\"custom_6_margin\":\"remove\",\"custom_6_meta_element\":\"div\",\"custom_6_meta_margin\":\"remove\",\"custom_6_meta_position\":\"above-custom-text\",\"custom_7_element\":\"div\",\"custom_7_grid\":\"1\",\"custom_7_limit_length\":\"80\",\"custom_7_margin\":\"remove\",\"custom_7_meta_element\":\"div\",\"custom_7_meta_margin\":\"remove\",\"custom_7_meta_position\":\"above-custom-text\",\"custom_8_element\":\"div\",\"custom_8_grid\":\"1\",\"custom_8_limit_length\":\"80\",\"custom_8_margin\":\"remove\",\"custom_8_meta_element\":\"div\",\"custom_8_meta_margin\":\"remove\",\"custom_8_meta_position\":\"above-custom-text\",\"custom_9_element\":\"div\",\"custom_9_grid\":\"1\",\"custom_9_limit_length\":\"80\",\"custom_9_margin\":\"remove\",\"custom_9_meta_element\":\"div\",\"custom_9_meta_margin\":\"remove\",\"custom_9_meta_position\":\"above-custom-text\",\"custom_field_sets\":20,\"custom_filters\":10,\"custom_grids\":6,\"filter\":false,\"filter_align\":\"left\",\"filter_all\":true,\"filter_dropdown_grid_default\":\"1-1\",\"filter_grid_breakpoint\":\"m\",\"filter_grid_width\":\"auto\",\"filter_no_items_placeholder\":\"No items found\",\"filter_position\":\"top\",\"filter_sorting\":false,\"filter_sorting_key\":\"\",\"filter_sorting_order\":\"desc\",\"filter_style\":\"tab\",\"grid_1_custom_column_gap\":\"small\",\"grid_1_custom_default\":\"1-1\",\"grid_1_custom_icon_width\":80,\"grid_1_custom_image_align\":\"top\",\"grid_1_custom_image_grid_breakpoint\":\"@m\",\"grid_1_custom_image_grid_width\":\"1-2\",\"grid_1_custom_image_margin_bottom\":\"uk-margin-small\",\"grid_1_custom_image_margin_top\":\"uk-margin-small\",\"grid_1_custom_image_svg_color\":\"emphasis\",\"grid_1_custom_panel_padding\":\"small\",\"grid_1_custom_position\":\"above-content\",\"grid_1_custom_row_gap\":\"small\",\"grid_2_custom_column_gap\":\"small\",\"grid_2_custom_default\":\"1-1\",\"grid_2_custom_icon_width\":80,\"grid_2_custom_image_align\":\"top\",\"grid_2_custom_image_grid_breakpoint\":\"@m\",\"grid_2_custom_image_grid_width\":\"1-2\",\"grid_2_custom_image_margin_bottom\":\"uk-margin-small\",\"grid_2_custom_image_margin_top\":\"uk-margin-small\",\"grid_2_custom_image_svg_color\":\"emphasis\",\"grid_2_custom_panel_padding\":\"small\",\"grid_2_custom_position\":\"above-content\",\"grid_2_custom_row_gap\":\"small\",\"grid_3_custom_column_gap\":\"small\",\"grid_3_custom_default\":\"1-1\",\"grid_3_custom_icon_width\":80,\"grid_3_custom_image_align\":\"top\",\"grid_3_custom_image_grid_breakpoint\":\"@m\",\"grid_3_custom_image_grid_width\":\"1-2\",\"grid_3_custom_image_margin_bottom\":\"uk-margin-small\",\"grid_3_custom_image_margin_top\":\"uk-margin-small\",\"grid_3_custom_image_svg_color\":\"emphasis\",\"grid_3_custom_panel_padding\":\"small\",\"grid_3_custom_position\":\"above-content\",\"grid_3_custom_row_gap\":\"small\",\"grid_4_custom_column_gap\":\"small\",\"grid_4_custom_default\":\"1-1\",\"grid_4_custom_icon_width\":80,\"grid_4_custom_image_align\":\"top\",\"grid_4_custom_image_grid_breakpoint\":\"@m\",\"grid_4_custom_image_grid_width\":\"1-2\",\"grid_4_custom_image_margin_bottom\":\"uk-margin-small\",\"grid_4_custom_image_margin_top\":\"uk-margin-small\",\"grid_4_custom_image_svg_color\":\"emphasis\",\"grid_4_custom_panel_padding\":\"small\",\"grid_4_custom_position\":\"bellow-content\",\"grid_4_custom_row_gap\":\"small\",\"grid_5_custom_column_gap\":\"small\",\"grid_5_custom_default\":\"1-1\",\"grid_5_custom_icon_width\":80,\"grid_5_custom_image_align\":\"top\",\"grid_5_custom_image_grid_breakpoint\":\"@m\",\"grid_5_custom_image_grid_width\":\"1-2\",\"grid_5_custom_image_margin_bottom\":\"uk-margin-small\",\"grid_5_custom_image_margin_top\":\"uk-margin-small\",\"grid_5_custom_image_svg_color\":\"emphasis\",\"grid_5_custom_panel_padding\":\"small\",\"grid_5_custom_position\":\"bellow-content\",\"grid_5_custom_row_gap\":\"small\",\"grid_6_custom_column_gap\":\"small\",\"grid_6_custom_default\":\"1-1\",\"grid_6_custom_icon_width\":80,\"grid_6_custom_image_align\":\"top\",\"grid_6_custom_image_grid_breakpoint\":\"@m\",\"grid_6_custom_image_grid_width\":\"1-2\",\"grid_6_custom_image_margin_bottom\":\"uk-margin-small\",\"grid_6_custom_image_margin_top\":\"uk-margin-small\",\"grid_6_custom_image_svg_color\":\"emphasis\",\"grid_6_custom_panel_padding\":\"small\",\"grid_6_custom_position\":\"bellow-content\",\"grid_6_custom_row_gap\":\"small\",\"grid_default\":\"1-1\",\"grid_medium\":\"1-3\",\"grid_small\":\"1-2\",\"icon_width\":80,\"image_align\":\"top\",\"image_grid_breakpoint\":\"m\",\"image_grid_width\":\"1-2\",\"image_height\":\"300\",\"image_svg_color\":\"emphasis\",\"item_animation\":true,\"lightbox\":false,\"link_style\":\"default\",\"link_text\":\"Encomendar &nbsp;&#10084;\",\"margin\":\"default\",\"meta_align\":\"below-title\",\"meta_element\":\"div\",\"meta_limit_length\":\"80\",\"meta_style\":\"text-meta\",\"nav\":\"dotnav\",\"nav_align\":\"center\",\"nav_breakpoint\":\"s\",\"panel_size\":\"small\",\"panel_style\":\"card-default\",\"rating_star_background_color\":\"#e5e5e5\",\"rating_star_color\":\"#fc0\",\"rating_star_size\":\"25\",\"rating_star_spacing\":\"3\",\"search\":false,\"search_input_placeholder\":\"Search...\",\"search_no_items_placeholder\":\"No items found matching keyword:\",\"search_title\":true,\"show_content\":true,\"show_custom_1\":true,\"show_custom_10\":false,\"show_custom_11\":false,\"show_custom_12\":false,\"show_custom_13\":false,\"show_custom_14\":false,\"show_custom_15\":false,\"show_custom_16\":false,\"show_custom_17\":false,\"show_custom_18\":false,\"show_custom_19\":false,\"show_custom_2\":false,\"show_custom_20\":false,\"show_custom_3\":false,\"show_custom_4\":false,\"show_custom_5\":false,\"show_custom_6\":false,\"show_custom_7\":false,\"show_custom_8\":false,\"show_custom_9\":false,\"show_custom_filter_1\":false,\"show_custom_filter_10\":false,\"show_custom_filter_11\":false,\"show_custom_filter_12\":false,\"show_custom_filter_13\":false,\"show_custom_filter_14\":false,\"show_custom_filter_15\":false,\"show_custom_filter_16\":false,\"show_custom_filter_17\":false,\"show_custom_filter_18\":false,\"show_custom_filter_19\":false,\"show_custom_filter_2\":false,\"show_custom_filter_20\":false,\"show_custom_filter_3\":false,\"show_custom_filter_4\":false,\"show_custom_filter_5\":false,\"show_custom_filter_6\":false,\"show_custom_filter_7\":false,\"show_custom_filter_8\":false,\"show_custom_filter_9\":false,\"show_custom_image_1\":true,\"show_custom_image_10\":true,\"show_custom_image_11\":true,\"show_custom_image_12\":true,\"show_custom_image_13\":true,\"show_custom_image_14\":true,\"show_custom_image_15\":true,\"show_custom_image_16\":true,\"show_custom_image_17\":true,\"show_custom_image_18\":true,\"show_custom_image_19\":true,\"show_custom_image_2\":true,\"show_custom_image_20\":true,\"show_custom_image_3\":true,\"show_custom_image_4\":true,\"show_custom_image_5\":true,\"show_custom_image_6\":true,\"show_custom_image_7\":true,\"show_custom_image_8\":true,\"show_custom_image_9\":true,\"show_custom_link_1\":true,\"show_custom_link_10\":true,\"show_custom_link_11\":true,\"show_custom_link_12\":true,\"show_custom_link_13\":true,\"show_custom_link_14\":true,\"show_custom_link_15\":true,\"show_custom_link_16\":true,\"show_custom_link_17\":true,\"show_custom_link_18\":true,\"show_custom_link_19\":true,\"show_custom_link_2\":true,\"show_custom_link_20\":true,\"show_custom_link_3\":true,\"show_custom_link_4\":true,\"show_custom_link_5\":true,\"show_custom_link_6\":true,\"show_custom_link_7\":true,\"show_custom_link_8\":true,\"show_custom_link_9\":true,\"show_custom_meta_1\":true,\"show_custom_meta_10\":true,\"show_custom_meta_11\":true,\"show_custom_meta_12\":true,\"show_custom_meta_13\":true,\"show_custom_meta_14\":true,\"show_custom_meta_15\":true,\"show_custom_meta_16\":true,\"show_custom_meta_17\":true,\"show_custom_meta_18\":true,\"show_custom_meta_19\":true,\"show_custom_meta_2\":true,\"show_custom_meta_20\":true,\"show_custom_meta_3\":true,\"show_custom_meta_4\":true,\"show_custom_meta_5\":true,\"show_custom_meta_6\":true,\"show_custom_meta_7\":true,\"show_custom_meta_8\":true,\"show_custom_meta_9\":true,\"show_custom_settings\":\"all\",\"show_custom_text_1\":true,\"show_custom_text_10\":true,\"show_custom_text_11\":true,\"show_custom_text_12\":true,\"show_custom_text_13\":true,\"show_custom_text_14\":true,\"show_custom_text_15\":true,\"show_custom_text_16\":true,\"show_custom_text_17\":true,\"show_custom_text_18\":true,\"show_custom_text_19\":true,\"show_custom_text_2\":true,\"show_custom_text_20\":true,\"show_custom_text_3\":true,\"show_custom_text_4\":true,\"show_custom_text_5\":true,\"show_custom_text_6\":true,\"show_custom_text_7\":true,\"show_custom_text_8\":true,\"show_custom_text_9\":true,\"show_element_settings\":\"element_link\",\"show_image\":true,\"show_link\":true,\"show_meta\":true,\"show_rating\":false,\"show_sublayout\":true,\"show_title\":true,\"slidenav\":\"default\",\"slidenav_breakpoint\":\"s\",\"slidenav_grid\":\"default\",\"slidenav_margin\":\"\",\"slidenav_outside_breakpoint\":\"xl\",\"slider\":false,\"slider_autoplay_pause\":true,\"slider_width_default\":\"1-1\",\"sublayout_align\":\"top\",\"sublayout_modal_wrap\":\"all\",\"sublayout_mode\":\"native\",\"sublayout_position\":\"bellow-content\",\"title_align\":\"top\",\"title_element\":\"h2\",\"title_grid_breakpoint\":\"m\",\"title_grid_width\":\"1-2\",\"title_hover_style\":\"reset\",\"title_limit_length\":\"80\",\"title_style\":\"h3\",\"use_custom_fields\":false},\"children\":[{\"type\":\"fs_grid_item\",\"props\":{\"content\":\"\n\n<p><span>Pre\\u00e7o\\u00a0<\\\/span>: 10.00 CHF<\\\/p>\",\"grid_1_custom_image_margin_bottom\":\"uk-margin-small\",\"grid_1_custom_image_margin_top\":\"uk-margin-small\",\"grid_1_custom_item_margin\":\"inherit\",\"grid_1_custom_item_text_align_breakpoint\":\"inherit\",\"grid_2_custom_image_margin_bottom\":\"uk-margin-small\",\"grid_2_custom_image_margin_top\":\"uk-margin-small\",\"grid_2_custom_item_margin\":\"inherit\",\"grid_2_custom_item_text_align_breakpoint\":\"inherit\",\"grid_3_custom_image_margin_bottom\":\"uk-margin-small\",\"grid_3_custom_image_margin_top\":\"uk-margin-small\",\"grid_3_custom_item_margin\":\"inherit\",\"grid_3_custom_item_text_align_breakpoint\":\"inherit\",\"grid_4_custom_image_margin_bottom\":\"uk-margin-small\",\"grid_4_custom_image_margin_top\":\"uk-margin-small\",\"grid_4_custom_item_margin\":\"inherit\",\"grid_4_custom_item_text_align_breakpoint\":\"inherit\",\"grid_5_custom_image_margin_bottom\":\"uk-margin-small\",\"grid_5_custom_image_margin_top\":\"uk-margin-small\",\"grid_5_custom_item_margin\":\"inherit\",\"grid_5_custom_item_text_align_breakpoint\":\"inherit\",\"grid_6_custom_image_margin_bottom\":\"uk-margin-small\",\"grid_6_custom_image_margin_top\":\"uk-margin-small\",\"grid_6_custom_item_column_gap\":\"small\",\"grid_6_custom_item_margin\":\"inherit\",\"grid_6_custom_item_text_align_breakpoint\":\"inherit\",\"image\":\"wp-content\\\/uploads\\\/2024\\\/07\\\/Pagina-de-cobertura-Poemas-de-amor-e-de-sabios-conselhos.jpg\",\"image_alt\":\"P\\u00e1gina de cobertura - Poemas de amor e de s\\u00e1bios conselhos\",\"link\":\"\\\/pt-pt\\\/inscrever-se\\\/?level=16\",\"meta\":\"E-BOOK\",\"show_custom_fields\":\"fieldset_1\",\"show_custom_settings\":\"all\",\"title\":\"Poemas de amor e de s\\u00e1bios conselhos\"},\"children\":[{\"type\":\"fragment\",\"props\":{\"margin\":\"default\"},\"children\":[{\"type\":\"row\",\"children\":[{\"type\":\"column\",\"props\":{\"image_position\":\"center-center\",\"position_sticky_breakpoint\":\"m\"},\"children\":[{\"type\":\"accordion\",\"props\":{\"collapsible\":true,\"content_column_breakpoint\":\"m\",\"image_align\":\"top\",\"image_grid_breakpoint\":\"m\",\"image_grid_width\":\"1-2\",\"image_svg_color\":\"emphasis\",\"link_style\":\"default\",\"link_text\":\"Read more\",\"show_image\":true,\"show_link\":true},\"children\":[{\"type\":\"accordion_item\",\"props\":{\"content\":\"\n\n<p><em>Poemas de amor e de s\\u00e1bios conselhos<\\\/em> \\u00e9 uma colet\\u00e2nea po\\u00e9tica que explora, com delicadeza e profundidade, temas universais como o amor, a sabedoria interior e a busca espiritual. Cada poema \\u00e9 acompanhado por ilustra\\u00e7\\u00f5es originais, criando uma experi\\u00eancia sensorial e meditativa que convida o leitor a uma viagem \\u00edntima de reflex\\u00e3o e paz. Esta obra \\u00e9 destinada a quem deseja nutrir a alma e iluminar seu caminho de vida com a beleza das palavras e imagens.<\\\/p>\\n\n\n<p>Com carinho do meu cora\\u00e7\\u00e3o de amor.<br \\\/>FGomes<\\\/p>\",\"title\":\"Descri\\u00e7\\u00e3o do livro eletr\\u00f3nico\"}}]}]}]}]}]},{\"type\":\"fs_grid_item\",\"props\":{\"content\":\"\n\n<p><span>Pre\\u00e7o\\u00a0<\\\/span>: 6.00 CHF<\\\/p>\",\"grid_1_custom_image_margin_bottom\":\"uk-margin-small\",\"grid_1_custom_image_margin_top\":\"uk-margin-small\",\"grid_1_custom_item_margin\":\"inherit\",\"grid_1_custom_item_text_align_breakpoint\":\"inherit\",\"grid_2_custom_image_margin_bottom\":\"uk-margin-small\",\"grid_2_custom_image_margin_top\":\"uk-margin-small\",\"grid_2_custom_item_margin\":\"inherit\",\"grid_2_custom_item_text_align_breakpoint\":\"inherit\",\"grid_3_custom_image_margin_bottom\":\"uk-margin-small\",\"grid_3_custom_image_margin_top\":\"uk-margin-small\",\"grid_3_custom_item_margin\":\"inherit\",\"grid_3_custom_item_text_align_breakpoint\":\"inherit\",\"grid_4_custom_image_margin_bottom\":\"uk-margin-small\",\"grid_4_custom_image_margin_top\":\"uk-margin-small\",\"grid_4_custom_item_margin\":\"inherit\",\"grid_4_custom_item_text_align_breakpoint\":\"inherit\",\"grid_5_custom_image_margin_bottom\":\"uk-margin-small\",\"grid_5_custom_image_margin_top\":\"uk-margin-small\",\"grid_5_custom_item_margin\":\"inherit\",\"grid_5_custom_item_text_align_breakpoint\":\"inherit\",\"grid_6_custom_image_margin_bottom\":\"uk-margin-small\",\"grid_6_custom_image_margin_top\":\"uk-margin-small\",\"grid_6_custom_item_column_gap\":\"small\",\"grid_6_custom_item_margin\":\"inherit\",\"grid_6_custom_item_text_align_breakpoint\":\"inherit\",\"image\":\"wp-content\\\/uploads\\\/2024\\\/07\\\/Pagina-de-cobertura-Illustracoes-femininas-inspiradoras.jpg\",\"image_alt\":\"Pagina de cobertura - Illustra\\u00e7\\u00f4es femininas inspiradoras\",\"link\":\"\\\/pt-pt\\\/inscrever-se\\\/?level=17\",\"meta\":\"E-BOOK\",\"show_custom_fields\":\"fieldset_1\",\"show_custom_settings\":\"all\",\"title\":\"Ilustra\\u00e7\\u00f5es femininas inspiradoras\"},\"children\":[{\"type\":\"fragment\",\"props\":{\"margin\":\"default\"},\"children\":[{\"type\":\"row\",\"children\":[{\"type\":\"column\",\"props\":{\"image_position\":\"center-center\",\"position_sticky_breakpoint\":\"m\"},\"children\":[{\"type\":\"accordion\",\"props\":{\"collapsible\":true,\"content_column_breakpoint\":\"m\",\"image_align\":\"top\",\"image_grid_breakpoint\":\"m\",\"image_grid_width\":\"1-2\",\"image_svg_color\":\"emphasis\",\"link_style\":\"default\",\"link_text\":\"Read more\",\"show_image\":true,\"show_link\":true},\"children\":[{\"type\":\"accordion_item\",\"props\":{\"content\":\"\n\n<p>Este ebook de ilustra\\u00e7\\u00f5es femininas inspiradoras tem como objetivo ajud\\u00e1-la a real\\u00e7ar a sua feminilidade. Para reencontr\\u00e1-la, am\\u00e1-la e valoriz\\u00e1-la. O seu profundo real, o seu verdadeiro voc\\u00ea. A luz que \\u00e9 sua, a sua fonte de felicidade e de alegria.<br \\\/>Que ela surja das suas profundezas e veja a luz do dia atrav\\u00e9s da delicadeza e da ternura do ato em si e da for\\u00e7a do momento presente.<br \\\/>Deixe-se levar, guiar por ela e surpreenda-se com as suas conquistas, as suas experi\\u00eancias de vida e as suas viv\\u00eancias.<\\\/p>\\n\n\n<p>As ilustra\\u00e7\\u00f5es foram desenhadas por mim.<\\\/p>\\n\n\n<p>Com carinho do meu cora\\u00e7\\u00e3o de amor.<\\\/p>\\n\n\n<p>FGomes<\\\/p>\",\"title\":\"Descri\\u00e7\\u00e3o do livro eletr\\u00f3nico\"}}]}]}]}]}]}]}]}]}]}],\"version\":\"4.5.23\"} --><\/p>\n","protected":false},"excerpt":{"rendered":"<p>Poemas de amor e de s\u00e1bios conselhos E-BOOK Pre\u00e7o\u00a0: 10.00 CHF Encomendar &nbsp;&#10084; Ilustra\u00e7\u00f5es femininas inspiradoras E-BOOK Pre\u00e7o\u00a0: 6.00 CHF Encomendar &nbsp;&#10084;<\/p>\n","protected":false},"author":1,"featured_media":0,"parent":0,"menu_order":0,"comment_status":"closed","ping_status":"closed","template":"","meta":{"_bbp_topic_count":0,"_bbp_reply_count":0,"_bbp_total_topic_count":0,"_bbp_total_reply_count":0,"_bbp_voice_count":0,"_bbp_anonymous_reply_count":0,"_bbp_topic_count_hidden":0,"_bbp_reply_count_hidden":0,"_bbp_forum_subforum_count":0,"footnotes":""},"class_list":["post-501","page","type-page","status-publish","hentry"],"_links":{"self":[{"href":"https:\/\/essencechristique.ch\/pt-pt\/wp-json\/wp\/v2\/pages\/501","targetHints":{"allow":["GET"]}}],"collection":[{"href":"https:\/\/essencechristique.ch\/pt-pt\/wp-json\/wp\/v2\/pages"}],"about":[{"href":"https:\/\/essencechristique.ch\/pt-pt\/wp-json\/wp\/v2\/types\/page"}],"author":[{"embeddable":true,"href":"https:\/\/essencechristique.ch\/pt-pt\/wp-json\/wp\/v2\/users\/1"}],"replies":[{"embeddable":true,"href":"https:\/\/essencechristique.ch\/pt-pt\/wp-json\/wp\/v2\/comments?post=501"}],"version-history":[{"count":7,"href":"https:\/\/essencechristique.ch\/pt-pt\/wp-json\/wp\/v2\/pages\/501\/revisions"}],"predecessor-version":[{"id":2328,"href":"https:\/\/essencechristique.ch\/pt-pt\/wp-json\/wp\/v2\/pages\/501\/revisions\/2328"}],"wp:attachment":[{"href":"https:\/\/essencechristique.ch\/pt-pt\/wp-json\/wp\/v2\/media?parent=501"}],"curies":[{"name":"wp","href":"https:\/\/api.w.org\/{rel}","templated":true}]}}