{"id":529,"date":"2024-07-02T18:02:12","date_gmt":"2024-07-02T16:02:12","guid":{"rendered":"https:\/\/essencechristique.ch\/contact\/"},"modified":"2025-03-15T17:03:30","modified_gmt":"2025-03-15T16:03:30","slug":"contato","status":"publish","type":"page","link":"https:\/\/essencechristique.ch\/pt-pt\/contato\/","title":{"rendered":"Contato"},"content":{"rendered":"<h1>Contato<\/h1>\n<p><img decoding=\"async\" src=\"\/wp-content\/uploads\/2024\/07\/Fernanda.jpg\" alt=\"Fernanda Gomes\"><\/p>\n<div>\n<p><span>Maria Fernanda Gomes Assis<\/span><br \/><span>Lausanne<\/span><\/p>\n<\/div>\n<hr>\n<ul>\n<li><a href=\"https:\/\/www.facebook.com\/profile.php?id%20=100015062319801\" rel=\"noopener\">facebook<\/a>\n<\/li>\n<li><a href=\"https:\/\/www.instagram.com\/fernandagomes7290\" rel=\"noopener\">instagram<\/a>\n<\/li>\n<li><a href=\"https:\/\/www.youtube.com\/@gomesfernanda6302\/channels\" rel=\"noopener\">youtube<\/a>\n<\/li>\n<\/ul>\n<div>\n<p>Preencha o formul\u00e1rio abaixo para me contactar.<\/p>\n<p><strong>&#8220;Tratamentos energ\u00e9ticos e libertadores&#8221;<\/strong><\/p>\n<p>Para marcar uma consulta para um tratamento libertador, energ\u00e9tico e de equil\u00edbrio energ\u00e9tico, n\u00e3o hesite em contactar-me.<\/p>\n<p>Os meus tratamentos visam ajud\u00e1-lo a libertar-se dos seus transtornos mentais e das suas dores corporais,<br \/>enquanto o acompanho em dire\u00e7\u00e3o \u00e0 eleva\u00e7\u00e3o da sua luz interior, a centelha da sua alma.<\/p>\n<p>Eles s\u00e3o feitas \u00e0 dist\u00e2ncia.<\/p>\n<p>Com prazer de o ler e acompanh\u00e1-lo no caminho para a luz da sua alma.<\/p>\n<p>Fernanda Gomes<\/p>\n<\/p>\n<\/div>\n<div>\n<style id=\"wpforms-css-vars-18\">\n\t\t\t\t#wpforms-18 {\n\t\t\t\t\n\t\t\t}\n\t\t\t<\/style><div class=\"wpforms-container wpforms-container-full wpforms-render-modern\" id=\"wpforms-18\"><form id=\"wpforms-form-18\" class=\"wpforms-validate wpforms-form wpforms-ajax-form\" data-formid=\"18\" method=\"post\" enctype=\"multipart\/form-data\" action=\"\/pt-pt\/wp-json\/wp\/v2\/pages\/529\" data-token=\"4ca076c2018d40a3e03b8df6972b2caf\" data-token-time=\"1778688904\"><noscript class=\"wpforms-error-noscript\">Please enable JavaScript in your browser to complete this form.<\/noscript><div id=\"wpforms-error-noscript\" style=\"display: none;\">Please enable JavaScript in your browser to complete this form.<\/div><div class=\"wpforms-field-container\"><div id=\"wpforms-18-field_6-container\" class=\"wpforms-field wpforms-field-layout\" data-field-id=\"6\"><div class=\"wpforms-field-layout-rows wpforms-field-large\"><div class=\"wpforms-layout-row\"><div class=\"wpforms-layout-column wpforms-layout-column-50\"><div id=\"wpforms-18-field_8-container\" class=\"wpforms-field wpforms-field-text\" data-field-id=\"8\"><label class=\"wpforms-field-label\" for=\"wpforms-18-field_8\">Nome <span class=\"wpforms-required-label\" aria-hidden=\"true\">*<\/span><\/label><input type=\"text\" id=\"wpforms-18-field_8\" class=\"wpforms-field-medium wpforms-field-required\" name=\"wpforms[fields][8]\" aria-errormessage=\"wpforms-18-field_8-error\" required><\/div><\/div><div class=\"wpforms-layout-column wpforms-layout-column-50\"><div id=\"wpforms-18-field_9-container\" class=\"wpforms-field wpforms-field-text\" data-field-id=\"9\"><label class=\"wpforms-field-label\" for=\"wpforms-18-field_9\">Nome pr\u00f3prio <span class=\"wpforms-required-label\" aria-hidden=\"true\">*<\/span><\/label><input type=\"text\" id=\"wpforms-18-field_9\" class=\"wpforms-field-medium wpforms-field-required\" name=\"wpforms[fields][9]\" aria-errormessage=\"wpforms-18-field_9-error\" required><\/div><\/div><\/div><div class=\"wpforms-layout-row\"><div class=\"wpforms-layout-column wpforms-layout-column-50\"><div id=\"wpforms-18-field_3-container\" class=\"wpforms-field wpforms-field-text\" data-field-id=\"3\"><label class=\"wpforms-field-label\" for=\"wpforms-18-field_3\">Endere\u00e7o <span class=\"wpforms-required-label\" aria-hidden=\"true\">*<\/span><\/label><input type=\"text\" id=\"wpforms-18-field_3\" class=\"wpforms-field-medium wpforms-field-required\" name=\"wpforms[fields][3]\" aria-errormessage=\"wpforms-18-field_3-error\" required><\/div><\/div><div class=\"wpforms-layout-column wpforms-layout-column-50\"><div id=\"wpforms-18-field_10-container\" class=\"wpforms-field wpforms-field-text\" data-field-id=\"10\"><label class=\"wpforms-field-label\" for=\"wpforms-18-field_10\">C\u00f3digo postal <span class=\"wpforms-required-label\" aria-hidden=\"true\">*<\/span><\/label><input type=\"text\" id=\"wpforms-18-field_10\" class=\"wpforms-field-medium wpforms-field-required\" name=\"wpforms[fields][10]\" aria-errormessage=\"wpforms-18-field_10-error\" required><\/div><\/div><\/div><div class=\"wpforms-layout-row\"><div class=\"wpforms-layout-column wpforms-layout-column-50\"><div id=\"wpforms-18-field_7-container\" class=\"wpforms-field wpforms-field-text\" data-field-id=\"7\"><label class=\"wpforms-field-label\" for=\"wpforms-18-field_7\">Cidade <span class=\"wpforms-required-label\" aria-hidden=\"true\">*<\/span><\/label><input type=\"text\" id=\"wpforms-18-field_7\" class=\"wpforms-field-medium wpforms-field-required\" name=\"wpforms[fields][7]\" aria-errormessage=\"wpforms-18-field_7-error\" required><\/div><\/div><div class=\"wpforms-layout-column wpforms-layout-column-50\"><div id=\"wpforms-18-field_1-container\" class=\"wpforms-field wpforms-field-email\" data-field-id=\"1\"><label class=\"wpforms-field-label\" for=\"wpforms-18-field_1\">E-mail <span class=\"wpforms-required-label\" aria-hidden=\"true\">*<\/span><\/label><input type=\"email\" id=\"wpforms-18-field_1\" class=\"wpforms-field-medium wpforms-field-required\" name=\"wpforms[fields][1]\" spellcheck=\"false\" aria-errormessage=\"wpforms-18-field_1-error\" required><\/div><\/div><\/div><div class=\"wpforms-layout-row\"><div class=\"wpforms-layout-column wpforms-layout-column-50\"><div id=\"wpforms-18-field_5-container\" class=\"wpforms-field wpforms-field-phone\" data-field-id=\"5\"><label class=\"wpforms-field-label\" for=\"wpforms-18-field_5\">Telefone<\/label><input type=\"tel\" id=\"wpforms-18-field_5\" class=\"wpforms-field-medium wpforms-smart-phone-field\" data-rule-smart-phone-field=\"true\" name=\"wpforms[fields][5]\" aria-label=\"Telefone\" aria-errormessage=\"wpforms-18-field_5-error\" ><\/div><\/div><div class=\"wpforms-layout-column wpforms-layout-column-50\"><\/div><\/div><\/div><\/div><div id=\"wpforms-18-field_11-container\" class=\"wpforms-field wpforms-field-text\" data-field-id=\"11\"><label class=\"wpforms-field-label\" for=\"wpforms-18-field_11\">Assunto <span class=\"wpforms-required-label\" aria-hidden=\"true\">*<\/span><\/label><input type=\"text\" id=\"wpforms-18-field_11\" class=\"wpforms-field-medium wpforms-field-required\" name=\"wpforms[fields][11]\" aria-errormessage=\"wpforms-18-field_11-error\" required><\/div><div id=\"wpforms-18-field_2-container\" class=\"wpforms-field wpforms-field-textarea\" data-field-id=\"2\"><label class=\"wpforms-field-label\" for=\"wpforms-18-field_2\">Mensagem <span class=\"wpforms-required-label\" aria-hidden=\"true\">*<\/span><\/label><textarea id=\"wpforms-18-field_2\" class=\"wpforms-field-medium wpforms-field-required\" name=\"wpforms[fields][2]\" aria-errormessage=\"wpforms-18-field_2-error\" required><\/textarea><\/div><div id=\"wpforms-18-field_12-container\" class=\"wpforms-field wpforms-field-checkbox texte-petit\" data-field-id=\"12\"><fieldset><legend class=\"wpforms-field-label\">Pol\u00edtica de privacidade <span class=\"wpforms-required-label\" aria-hidden=\"true\">*<\/span><\/legend><ul id=\"wpforms-18-field_12\" class=\"wpforms-field-required\"><li class=\"choice-1 depth-1\"><input type=\"checkbox\" id=\"wpforms-18-field_12_1\" name=\"wpforms[fields][12][]\" value=\"Ao enviar este formul\u00e1rio, concordo que os meus dados sejam guardados para efeitos de processamento do meu pedido.\" aria-errormessage=\"wpforms-18-field_12_1-error\" required ><label class=\"wpforms-field-label-inline\" for=\"wpforms-18-field_12_1\">Ao enviar este formul\u00e1rio, concordo que os meus dados sejam guardados para efeitos de processamento do meu pedido.<\/label><\/li><\/ul><\/fieldset><\/div><\/div><!-- .wpforms-field-container --><div class=\"wpforms-submit-container\" ><input type=\"hidden\" name=\"wpforms[id]\" value=\"18\"><input type=\"hidden\" name=\"page_title\" value=\"\"><input type=\"hidden\" name=\"page_url\" value=\"https:\/\/essencechristique.ch\/pt-pt\/wp-json\/wp\/v2\/pages\/529\"><input type=\"hidden\" name=\"url_referer\" value=\"\"><button type=\"submit\" name=\"wpforms[submit]\" id=\"wpforms-submit-18\" class=\"wpforms-submit\" data-alt-text=\"Enviando...\" data-submit-text=\"Enviar\" aria-live=\"assertive\" value=\"wpforms-submit\">Enviar<\/button><img loading=\"lazy\" decoding=\"async\" src=\"https:\/\/essencechristique.ch\/wp-content\/plugins\/wpforms\/assets\/images\/submit-spin.svg\" class=\"wpforms-submit-spinner\" style=\"display: none;\" width=\"26\" height=\"26\" alt=\"Loading\"><\/div><\/form><\/div>  <!-- .wpforms-container --><\/div>\n<p><!--more--><br \/>\n<!-- {\"type\":\"layout\",\"children\":[{\"type\":\"section\",\"props\":{\"image\":\"wp-content\\\/uploads\\\/2024\\\/07\\\/ciel.jpg\",\"image_parallax_bgy\":\"100,100\",\"image_position\":\"center-center\",\"image_size\":\"cover\",\"padding\":\"xlarge\",\"style\":\"default\",\"title_breakpoint\":\"xl\",\"title_position\":\"top-left\",\"title_rotation\":\"left\",\"vertical_align\":\"middle\",\"width\":\"default\"},\"children\":[{\"type\":\"row\",\"children\":[{\"type\":\"column\",\"props\":{\"image_position\":\"center-center\",\"position_sticky_breakpoint\":\"m\"},\"children\":[{\"type\":\"headline\",\"props\":{\"content\":\"Contato\",\"text_align\":\"center\",\"title_element\":\"h1\",\"title_style\":\"heading-small\"}}]}]}],\"name\":\"Header ciel\"},{\"type\":\"section\",\"props\":{\"image_position\":\"center-center\",\"style\":\"default\",\"title_breakpoint\":\"xl\",\"title_position\":\"top-left\",\"title_rotation\":\"left\",\"vertical_align\":\"middle\",\"width\":\"default\"},\"children\":[{\"type\":\"row\",\"props\":{\"layout\":\"1-4,3-4\"},\"children\":[{\"type\":\"column\",\"props\":{\"image_position\":\"center-center\",\"position_sticky_breakpoint\":\"m\",\"width_medium\":\"1-4\",\"width_small\":\"1-4\"},\"children\":[{\"type\":\"image\",\"props\":{\"image\":\"wp-content\\\/uploads\\\/2024\\\/07\\\/Fernanda.jpg\",\"image_alt\":\"Fernanda Gomes\",\"image_border\":\"rounded\",\"image_box_shadow\":\"medium\",\"image_height\":200,\"image_svg_color\":\"emphasis\",\"margin\":\"default\"}}]},{\"type\":\"column\",\"props\":{\"image_position\":\"center-center\",\"position_sticky_breakpoint\":\"m\",\"vertical_align\":\"middle\",\"width_medium\":\"3-4\",\"width_small\":\"1-4\"},\"children\":[{\"type\":\"text\",\"props\":{\"column_breakpoint\":\"m\",\"content\":\"\n\n<p><span>Maria Fernanda Gomes Assis<\\\/span><br \\\/><span>Lausanne<\\\/span><\\\/p>\",\"margin\":\"default\"}},{\"type\":\"divider\",\"props\":{\"divider_element\":\"hr\"}},{\"type\":\"social\",\"props\":{\"grid\":\"horizontal\",\"grid_column_gap\":\"small\",\"grid_row_gap\":\"small\",\"image_svg_inline\":true,\"link_style\":\"button\",\"link_target\":true,\"margin\":\"default\"},\"children\":[{\"type\":\"social_item\",\"props\":{\"link\":\"https:\\\/\\\/www.facebook.com\\\/profile.php?id%20=100015062319801\",\"link_aria_label\":\"Facebook\"}},{\"type\":\"social_item\",\"props\":{\"link\":\"https:\\\/\\\/www.instagram.com\\\/fernandagomes7290\",\"link_aria_label\":\"Instagram\"}},{\"type\":\"social_item\",\"props\":{\"link\":\"https:\\\/\\\/www.youtube.com\\\/@gomesfernanda6302\\\/channels\",\"link_aria_label\":\"Youtube\"}}]}]}]},{\"type\":\"row\",\"children\":[{\"type\":\"column\",\"props\":{\"image_position\":\"center-center\",\"position_sticky_breakpoint\":\"m\"},\"children\":[{\"type\":\"text\",\"props\":{\"column_breakpoint\":\"m\",\"content\":\"\n\n<p>Preencha o formul\\u00e1rio abaixo para me contactar.<\\\/p>\\n\n\n<p><strong>\\\"Tratamentos energ\\u00e9ticos e libertadores\\\"<\\\/strong><\\\/p>\\n\n\n<p>Para marcar uma consulta para um tratamento libertador, energ\\u00e9tico e de equil\\u00edbrio energ\\u00e9tico, n\\u00e3o hesite em contactar-me.<\\\/p>\\n\n\n<p>Os meus tratamentos visam ajud\\u00e1-lo a libertar-se dos seus transtornos mentais e das suas dores corporais,<br \\\/>enquanto o acompanho em dire\\u00e7\\u00e3o \\u00e0 eleva\\u00e7\\u00e3o da sua luz interior, a centelha da sua alma.<\\\/p>\\n\n\n<p>Eles s\\u00e3o feitas \\u00e0 dist\\u00e2ncia.<\\\/p>\\n\n\n<p>Com prazer de o ler e acompanh\\u00e1-lo no caminho para a luz da sua alma.<\\\/p>\\n\n\n<p>Fernanda Gomes<\\\/p>\\n\n\n<p><\\\/p>\",\"margin\":\"default\"}},{\"type\":\"html\",\"props\":{\"content\":\"[wpforms id=\\\"18\\\"]\"}}]}]}]}],\"version\":\"4.4.16\"} --><\/p>\n","protected":false},"excerpt":{"rendered":"<p>Contato Maria Fernanda Gomes AssisLausanne facebook instagram youtube Preencha o formul\u00e1rio abaixo para me contactar. &#8220;Tratamentos energ\u00e9ticos e libertadores&#8221; Para marcar uma consulta para um tratamento libertador, energ\u00e9tico e de equil\u00edbrio energ\u00e9tico, n\u00e3o hesite em contactar-me. Os meus tratamentos visam ajud\u00e1-lo a libertar-se dos seus transtornos mentais e das suas dores corporais,enquanto o acompanho em [&hellip;]<\/p>\n","protected":false},"author":1,"featured_media":0,"parent":0,"menu_order":0,"comment_status":"closed","ping_status":"closed","template":"","meta":{"_bbp_topic_count":0,"_bbp_reply_count":0,"_bbp_total_topic_count":0,"_bbp_total_reply_count":0,"_bbp_voice_count":0,"_bbp_anonymous_reply_count":0,"_bbp_topic_count_hidden":0,"_bbp_reply_count_hidden":0,"_bbp_forum_subforum_count":0,"footnotes":""},"class_list":["post-529","page","type-page","status-publish","hentry"],"_links":{"self":[{"href":"https:\/\/essencechristique.ch\/pt-pt\/wp-json\/wp\/v2\/pages\/529","targetHints":{"allow":["GET"]}}],"collection":[{"href":"https:\/\/essencechristique.ch\/pt-pt\/wp-json\/wp\/v2\/pages"}],"about":[{"href":"https:\/\/essencechristique.ch\/pt-pt\/wp-json\/wp\/v2\/types\/page"}],"author":[{"embeddable":true,"href":"https:\/\/essencechristique.ch\/pt-pt\/wp-json\/wp\/v2\/users\/1"}],"replies":[{"embeddable":true,"href":"https:\/\/essencechristique.ch\/pt-pt\/wp-json\/wp\/v2\/comments?post=529"}],"version-history":[{"count":9,"href":"https:\/\/essencechristique.ch\/pt-pt\/wp-json\/wp\/v2\/pages\/529\/revisions"}],"predecessor-version":[{"id":1563,"href":"https:\/\/essencechristique.ch\/pt-pt\/wp-json\/wp\/v2\/pages\/529\/revisions\/1563"}],"wp:attachment":[{"href":"https:\/\/essencechristique.ch\/pt-pt\/wp-json\/wp\/v2\/media?parent=529"}],"curies":[{"name":"wp","href":"https:\/\/api.w.org\/{rel}","templated":true}]}}