{"id":537,"date":"2024-08-01T08:56:22","date_gmt":"2024-08-01T06:56:22","guid":{"rendered":"https:\/\/essencechristique.ch\/mes-e-books\/"},"modified":"2024-12-16T16:21:30","modified_gmt":"2024-12-16T15:21:30","slug":"livros-electronicos","status":"publish","type":"page","link":"https:\/\/essencechristique.ch\/pt-pt\/livros-electronicos\/","title":{"rendered":"Livros electr\u00f3nicos"},"content":{"rendered":"<h1>Livros electr\u00f3nicos<\/h1>\n<div>\n<p>Eis a lista dos livros electr\u00f3nicos. Se subscreveu um ou mais livros electr\u00f3nicos, pode aceder aos mesmos clicando na liga\u00e7\u00e3o correspondente.<\/p>\n<\/div>\n<p><!--more--><br \/>\n<!-- {\"type\":\"layout\",\"children\":[{\"type\":\"section\",\"props\":{\"image_position\":\"center-center\",\"style\":\"default\",\"title_breakpoint\":\"xl\",\"title_position\":\"top-left\",\"title_rotation\":\"left\",\"vertical_align\":\"middle\",\"width\":\"default\"},\"children\":[{\"type\":\"row\",\"children\":[{\"type\":\"column\",\"props\":{\"image_position\":\"center-center\",\"position_sticky_breakpoint\":\"m\"},\"children\":[{\"type\":\"headline\",\"props\":{\"content\":\"Livros electr\\u00f3nicos\",\"title_element\":\"h1\"}},{\"type\":\"text\",\"props\":{\"column_breakpoint\":\"m\",\"content\":\"\n\n<p>Eis a lista dos livros electr\\u00f3nicos. Se subscreveu um ou mais livros electr\\u00f3nicos, pode aceder aos mesmos clicando na liga\\u00e7\\u00e3o correspondente.<\\\/p>\",\"margin\":\"default\"}}]}]},{\"type\":\"row\",\"children\":[{\"type\":\"column\",\"props\":{\"image_position\":\"center-center\",\"position_sticky_breakpoint\":\"m\"},\"children\":[{\"type\":\"nav\",\"props\":{\"grid\":\"1\",\"image_vertical_align\":true,\"nav_divider\":true,\"nav_style\":\"default\",\"show_image\":true,\"show_meta\":true},\"children\":[{\"type\":\"nav_item\",\"source\":{\"query\":{\"name\":\"customMenuItems\",\"arguments\":{\"id\":41,\"parent\":\"\",\"heading\":\"\",\"include_heading\":true,\"ids\":[]}},\"props\":{\"content\":{\"filters\":{\"search\":\"\"},\"name\":\"title\"},\"link\":{\"filters\":{\"search\":\"\"},\"name\":\"url\"}}}}]}]}]}]}],\"version\":\"4.4.16\"} --><\/p>\n","protected":false},"excerpt":{"rendered":"<p>Livros electr\u00f3nicos Eis a lista dos livros electr\u00f3nicos. Se subscreveu um ou mais livros electr\u00f3nicos, pode aceder aos mesmos clicando na liga\u00e7\u00e3o correspondente.<\/p>\n","protected":false},"author":1,"featured_media":0,"parent":0,"menu_order":0,"comment_status":"closed","ping_status":"closed","template":"","meta":{"_bbp_topic_count":0,"_bbp_reply_count":0,"_bbp_total_topic_count":0,"_bbp_total_reply_count":0,"_bbp_voice_count":0,"_bbp_anonymous_reply_count":0,"_bbp_topic_count_hidden":0,"_bbp_reply_count_hidden":0,"_bbp_forum_subforum_count":0,"footnotes":""},"class_list":["post-537","page","type-page","status-publish","hentry"],"_links":{"self":[{"href":"https:\/\/essencechristique.ch\/pt-pt\/wp-json\/wp\/v2\/pages\/537","targetHints":{"allow":["GET"]}}],"collection":[{"href":"https:\/\/essencechristique.ch\/pt-pt\/wp-json\/wp\/v2\/pages"}],"about":[{"href":"https:\/\/essencechristique.ch\/pt-pt\/wp-json\/wp\/v2\/types\/page"}],"author":[{"embeddable":true,"href":"https:\/\/essencechristique.ch\/pt-pt\/wp-json\/wp\/v2\/users\/1"}],"replies":[{"embeddable":true,"href":"https:\/\/essencechristique.ch\/pt-pt\/wp-json\/wp\/v2\/comments?post=537"}],"version-history":[{"count":6,"href":"https:\/\/essencechristique.ch\/pt-pt\/wp-json\/wp\/v2\/pages\/537\/revisions"}],"predecessor-version":[{"id":1377,"href":"https:\/\/essencechristique.ch\/pt-pt\/wp-json\/wp\/v2\/pages\/537\/revisions\/1377"}],"wp:attachment":[{"href":"https:\/\/essencechristique.ch\/pt-pt\/wp-json\/wp\/v2\/media?parent=537"}],"curies":[{"name":"wp","href":"https:\/\/api.w.org\/{rel}","templated":true}]}}