{"id":539,"date":"2024-07-31T15:31:37","date_gmt":"2024-07-31T13:31:37","guid":{"rendered":"https:\/\/essencechristique.ch\/mes-enseignements-celestes\/"},"modified":"2024-11-19T09:21:10","modified_gmt":"2024-11-19T08:21:10","slug":"os-meus-ensinamentos-celestiais","status":"publish","type":"page","link":"https:\/\/essencechristique.ch\/pt-pt\/os-meus-ensinamentos-celestiais\/","title":{"rendered":"Os meus ensinamentos celestiais"},"content":{"rendered":"<h1>Os meus ensinamentos celestiais<\/h1>\n<div>\n<p>Aqui est\u00e1 a lista dos ensinamentos celestiais. Se subscreveu um ou mais ensinamentos, pode aceder aos mesmos clicando na liga\u00e7\u00e3o correspondente.<\/p>\n<\/div>\n<p><!--more--><br \/>\n<!-- {\"type\":\"layout\",\"children\":[{\"type\":\"section\",\"props\":{\"height\":\"viewport\",\"height_offset_top\":true,\"image_position\":\"center-center\",\"style\":\"default\",\"title_breakpoint\":\"xl\",\"title_position\":\"top-left\",\"title_rotation\":\"left\",\"vertical_align\":\"\",\"width\":\"default\"},\"children\":[{\"type\":\"row\",\"children\":[{\"type\":\"column\",\"props\":{\"image_position\":\"center-center\",\"position_sticky_breakpoint\":\"m\"},\"children\":[{\"type\":\"headline\",\"props\":{\"content\":\"Os meus ensinamentos celestiais\",\"title_element\":\"h1\"}},{\"type\":\"text\",\"props\":{\"column_breakpoint\":\"m\",\"content\":\"\n\n<p>Aqui est\\u00e1 a lista dos ensinamentos celestiais. Se subscreveu um ou mais ensinamentos, pode aceder aos mesmos clicando na liga\\u00e7\\u00e3o correspondente.<\\\/p>\",\"margin\":\"default\"}}]}]},{\"type\":\"row\",\"children\":[{\"type\":\"column\",\"props\":{\"image_position\":\"center-center\",\"position_sticky_breakpoint\":\"m\"},\"children\":[{\"type\":\"nav\",\"props\":{\"grid\":\"1\",\"image_vertical_align\":true,\"nav_divider\":true,\"nav_style\":\"default\",\"show_image\":true,\"show_meta\":true},\"children\":[{\"type\":\"nav_item\",\"source\":{\"query\":{\"name\":\"customMenuItems\",\"arguments\":{\"id\":40,\"parent\":\"\",\"heading\":\"\",\"include_heading\":true,\"ids\":[]}},\"props\":{\"content\":{\"filters\":{\"search\":\"\"},\"name\":\"title\"},\"link\":{\"filters\":{\"search\":\"\"},\"name\":\"url\"}}}}]}]}]}]}],\"version\":\"4.4.12\"} --><\/p>\n","protected":false},"excerpt":{"rendered":"<p>Os meus ensinamentos celestiais Aqui est\u00e1 a lista dos ensinamentos celestiais. Se subscreveu um ou mais ensinamentos, pode aceder aos mesmos clicando na liga\u00e7\u00e3o correspondente.<\/p>\n","protected":false},"author":1,"featured_media":0,"parent":0,"menu_order":0,"comment_status":"closed","ping_status":"closed","template":"","meta":{"_bbp_topic_count":0,"_bbp_reply_count":0,"_bbp_total_topic_count":0,"_bbp_total_reply_count":0,"_bbp_voice_count":0,"_bbp_anonymous_reply_count":0,"_bbp_topic_count_hidden":0,"_bbp_reply_count_hidden":0,"_bbp_forum_subforum_count":0,"footnotes":""},"class_list":["post-539","page","type-page","status-publish","hentry"],"_links":{"self":[{"href":"https:\/\/essencechristique.ch\/pt-pt\/wp-json\/wp\/v2\/pages\/539","targetHints":{"allow":["GET"]}}],"collection":[{"href":"https:\/\/essencechristique.ch\/pt-pt\/wp-json\/wp\/v2\/pages"}],"about":[{"href":"https:\/\/essencechristique.ch\/pt-pt\/wp-json\/wp\/v2\/types\/page"}],"author":[{"embeddable":true,"href":"https:\/\/essencechristique.ch\/pt-pt\/wp-json\/wp\/v2\/users\/1"}],"replies":[{"embeddable":true,"href":"https:\/\/essencechristique.ch\/pt-pt\/wp-json\/wp\/v2\/comments?post=539"}],"version-history":[{"count":5,"href":"https:\/\/essencechristique.ch\/pt-pt\/wp-json\/wp\/v2\/pages\/539\/revisions"}],"predecessor-version":[{"id":1261,"href":"https:\/\/essencechristique.ch\/pt-pt\/wp-json\/wp\/v2\/pages\/539\/revisions\/1261"}],"wp:attachment":[{"href":"https:\/\/essencechristique.ch\/pt-pt\/wp-json\/wp\/v2\/media?parent=539"}],"curies":[{"name":"wp","href":"https:\/\/api.w.org\/{rel}","templated":true}]}}