{"id":650,"date":"2024-08-08T09:13:13","date_gmt":"2024-08-08T07:13:13","guid":{"rendered":"https:\/\/essencechristique.ch\/commande-livre-1\/"},"modified":"2024-08-12T18:48:16","modified_gmt":"2024-08-12T16:48:16","slug":"encomendar-livro-1","status":"publish","type":"page","link":"https:\/\/essencechristique.ch\/pt-pt\/encomendar-livro-1\/","title":{"rendered":"Encomendar livro Pensamentos de amor e palavras de sabedoria"},"content":{"rendered":"<div>\n<p>        <img decoding=\"async\" src=\"\/wp-content\/uploads\/2024\/07\/livre-pensees-amour.jpg\" alt=\"livre-pensees-amour\"><\/p>\n<div>\n<p>Veuillez remplir le formulaire ci-dessous pour commander et payer votre livre.<\/p>\n<\/div>\n<\/div>\n<div>\n<style id=\"wpforms-css-vars-615\">\n\t\t\t\t#wpforms-615 {\n\t\t\t\t\n\t\t\t}\n\t\t\t<\/style><div class=\"wpforms-container wpforms-container-full wpforms-stripe wpforms-render-modern\" id=\"wpforms-615\"><form id=\"wpforms-form-615\" class=\"wpforms-validate wpforms-form wpforms-ajax-form\" data-formid=\"615\" method=\"post\" enctype=\"multipart\/form-data\" action=\"\/pt-pt\/wp-json\/wp\/v2\/pages\/650\" data-token=\"3e86f077f2a569ff4ca58dcb47044f84\" data-token-time=\"1778711445\"><noscript class=\"wpforms-error-noscript\">Please enable JavaScript in your browser to complete this form.<\/noscript><div id=\"wpforms-error-noscript\" style=\"display: none;\">Please enable JavaScript in your browser to complete this form.<\/div><div class=\"wpforms-field-container\"><div id=\"wpforms-615-field_6-container\" class=\"wpforms-field wpforms-field-layout\" data-field-id=\"6\"><div class=\"wpforms-field-layout-rows wpforms-field-large\"><div class=\"wpforms-layout-row\"><div class=\"wpforms-layout-column wpforms-layout-column-50\"><div id=\"wpforms-615-field_8-container\" class=\"wpforms-field wpforms-field-text\" data-field-id=\"8\"><label class=\"wpforms-field-label\" for=\"wpforms-615-field_8\">Nom <span class=\"wpforms-required-label\" aria-hidden=\"true\">*<\/span><\/label><input type=\"text\" id=\"wpforms-615-field_8\" class=\"wpforms-field-medium wpforms-field-required\" name=\"wpforms[fields][8]\" aria-errormessage=\"wpforms-615-field_8-error\" required><\/div><\/div><div class=\"wpforms-layout-column wpforms-layout-column-50\"><div id=\"wpforms-615-field_9-container\" class=\"wpforms-field wpforms-field-text\" data-field-id=\"9\"><label class=\"wpforms-field-label\" for=\"wpforms-615-field_9\">Pr\u00e9nom <span class=\"wpforms-required-label\" aria-hidden=\"true\">*<\/span><\/label><input type=\"text\" id=\"wpforms-615-field_9\" class=\"wpforms-field-medium wpforms-field-required\" name=\"wpforms[fields][9]\" aria-errormessage=\"wpforms-615-field_9-error\" required><\/div><\/div><\/div><div class=\"wpforms-layout-row\"><div class=\"wpforms-layout-column wpforms-layout-column-50\"><div id=\"wpforms-615-field_3-container\" class=\"wpforms-field wpforms-field-text\" data-field-id=\"3\"><label class=\"wpforms-field-label\" for=\"wpforms-615-field_3\">Adresse <span class=\"wpforms-required-label\" aria-hidden=\"true\">*<\/span><\/label><input type=\"text\" id=\"wpforms-615-field_3\" class=\"wpforms-field-medium wpforms-field-required\" name=\"wpforms[fields][3]\" aria-errormessage=\"wpforms-615-field_3-error\" required><\/div><\/div><div class=\"wpforms-layout-column wpforms-layout-column-50\"><div id=\"wpforms-615-field_10-container\" class=\"wpforms-field wpforms-field-text\" data-field-id=\"10\"><label class=\"wpforms-field-label\" for=\"wpforms-615-field_10\">Code postal <span class=\"wpforms-required-label\" aria-hidden=\"true\">*<\/span><\/label><input type=\"text\" id=\"wpforms-615-field_10\" class=\"wpforms-field-medium wpforms-field-required\" name=\"wpforms[fields][10]\" aria-errormessage=\"wpforms-615-field_10-error\" required><\/div><\/div><\/div><div class=\"wpforms-layout-row\"><div class=\"wpforms-layout-column wpforms-layout-column-50\"><div id=\"wpforms-615-field_7-container\" class=\"wpforms-field wpforms-field-text\" data-field-id=\"7\"><label class=\"wpforms-field-label\" for=\"wpforms-615-field_7\">Ville <span class=\"wpforms-required-label\" aria-hidden=\"true\">*<\/span><\/label><input type=\"text\" id=\"wpforms-615-field_7\" class=\"wpforms-field-medium wpforms-field-required\" name=\"wpforms[fields][7]\" aria-errormessage=\"wpforms-615-field_7-error\" required><\/div><\/div><div class=\"wpforms-layout-column wpforms-layout-column-50\"><div id=\"wpforms-615-field_1-container\" class=\"wpforms-field wpforms-field-email\" data-field-id=\"1\"><label class=\"wpforms-field-label\" for=\"wpforms-615-field_1\">E-mail <span class=\"wpforms-required-label\" aria-hidden=\"true\">*<\/span><\/label><input type=\"email\" id=\"wpforms-615-field_1\" class=\"wpforms-field-medium wpforms-field-required\" name=\"wpforms[fields][1]\" spellcheck=\"false\" aria-errormessage=\"wpforms-615-field_1-error\" required><\/div><\/div><\/div><div class=\"wpforms-layout-row\"><div class=\"wpforms-layout-column wpforms-layout-column-50\"><div id=\"wpforms-615-field_5-container\" class=\"wpforms-field wpforms-field-phone\" data-field-id=\"5\"><label class=\"wpforms-field-label\" for=\"wpforms-615-field_5\">T\u00e9l\u00e9phone<\/label><input type=\"tel\" id=\"wpforms-615-field_5\" class=\"wpforms-field-medium wpforms-smart-phone-field\" data-rule-smart-phone-field=\"true\" name=\"wpforms[fields][5]\" aria-label=\"T\u00e9l\u00e9phone\" aria-errormessage=\"wpforms-615-field_5-error\" ><\/div><\/div><div class=\"wpforms-layout-column wpforms-layout-column-50\"><\/div><\/div><\/div><\/div><div id=\"wpforms-615-field_15-container\" class=\"wpforms-field wpforms-field-divider\" data-field-id=\"15\"><h3 id=\"wpforms-615-field_15\" aria-errormessage=\"wpforms-615-field_15-error\">Commande<\/h3><\/div><div id=\"wpforms-615-field_18-container\" class=\"wpforms-field wpforms-field-html\" data-field-id=\"18\"><div id=\"wpforms-615-field_18\" aria-errormessage=\"wpforms-615-field_18-error\"><div style=\"background-color: #ffff6d;border-radius: 5px;padding: 10px;color: #cd0000;border: 1px solid #d1cf00;font-weight: 500;\">\r\n    Attention, envoi uniquement en Suisse !\r\n<\/div><\/div><\/div><div id=\"wpforms-615-field_13-container\" class=\"wpforms-field wpforms-field-payment-single wpforms-payment-quantities-enabled\" data-field-id=\"13\"><label class=\"wpforms-field-label\">Livre &quot;Pens\u00e9es d\u2019amour et conseils de sagesse&quot; (fran\u00e7ais) <span class=\"wpforms-required-label\" aria-hidden=\"true\">*<\/span><\/label><div class=\"wpforms-single-item-price-content\"><div class=\"wpforms-single-item-price wpforms-field-medium wpforms-field-required wpforms-payment-price\">Prix\u00a0: <span class=\"wpforms-price\">CHF23.00<\/span><\/div><select id=\"wpforms-615-field_13-quantity\" class=\"wpforms-payment-quantity\" name=\"wpforms[quantities][13]\" required=\"required\"><option value=\"1\"  selected='selected' >1<\/option><option value=\"2\"  >2<\/option><option value=\"3\"  >3<\/option><option value=\"4\"  >4<\/option><option value=\"5\"  >5<\/option><option value=\"6\"  >6<\/option><option value=\"7\"  >7<\/option><option value=\"8\"  >8<\/option><option value=\"9\"  >9<\/option><option value=\"10\"  >10<\/option><\/select><\/div><input type=\"hidden\" id=\"wpforms-615-field_13\" class=\"wpforms-field-medium wpforms-field-required wpforms-payment-price\" data-rule-required-positive-number=\"1\" name=\"wpforms[fields][13]\" value=\"CHF23.00\"><\/div><div id=\"wpforms-615-field_16-container\" class=\"wpforms-field wpforms-field-payment-total wpforms-field-medium\" data-field-id=\"16\" aria-live=\"polite\" aria-atomic=\"true\"><label class=\"wpforms-field-label\">Total<\/label><div class=\"wpforms-payment-total\" style=\"\">CHF0.00<\/div><input type=\"hidden\" id=\"wpforms-615-field_16\" class=\"wpforms-field-medium wpforms-payment-total\" name=\"wpforms[fields][16]\" value=\"0\"><\/div><div id=\"wpforms-615-field_17-container\" class=\"wpforms-field wpforms-field-stripe-credit-card\" data-field-id=\"17\"><label class=\"wpforms-field-label\">Paiement par carte bancaire (Stripe) <span class=\"wpforms-required-label\" aria-hidden=\"true\">*<\/span><\/label><div class=\"wpforms-field-row wpforms-no-columns wpforms-field-medium \" data-sublabel-position=\"above\" data-link-email=\"1\" data-required=\"1\"><div id=\"wpforms-field-stripe-payment-element-615\"><\/div><input type=\"text\" class=\"wpforms-stripe-credit-card-hidden-input\" name=\"wpforms[stripe-credit-card-hidden-input-615]\" disabled style=\"display: none;\"><\/div><\/div><div id=\"wpforms-615-field_12-container\" class=\"wpforms-field wpforms-field-checkbox texte-petit\" data-field-id=\"12\"><fieldset><legend class=\"wpforms-field-label\">Politique de confidentialit\u00e9 <span class=\"wpforms-required-label\" aria-hidden=\"true\">*<\/span><\/legend><ul id=\"wpforms-615-field_12\" class=\"wpforms-field-required\"><li class=\"choice-1 depth-1\"><input type=\"checkbox\" id=\"wpforms-615-field_12_1\" name=\"wpforms[fields][12][]\" value=\"En envoyant ce formulaire, j&#039;accepte que mes donn\u00e9es soient stock\u00e9es \u00e0 des fins de traitement de ma demande.\" aria-errormessage=\"wpforms-615-field_12_1-error\" required ><label class=\"wpforms-field-label-inline\" for=\"wpforms-615-field_12_1\">En envoyant ce formulaire, j'accepte que mes donn\u00e9es soient stock\u00e9es \u00e0 des fins de traitement de ma demande.<\/label><\/li><\/ul><\/fieldset><\/div><\/div><!-- .wpforms-field-container --><div class=\"wpforms-submit-container\" ><input type=\"hidden\" name=\"wpforms[id]\" value=\"615\"><input type=\"hidden\" name=\"page_title\" value=\"\"><input type=\"hidden\" name=\"page_url\" value=\"https:\/\/essencechristique.ch\/pt-pt\/wp-json\/wp\/v2\/pages\/650\"><input type=\"hidden\" name=\"url_referer\" value=\"\"><button type=\"submit\" name=\"wpforms[submit]\" id=\"wpforms-submit-615\" class=\"wpforms-submit\" data-alt-text=\"Envoi...\" data-submit-text=\"Envoyer\" aria-live=\"assertive\" value=\"wpforms-submit\">Envoyer<\/button><img loading=\"lazy\" decoding=\"async\" src=\"https:\/\/essencechristique.ch\/wp-content\/plugins\/wpforms\/assets\/images\/submit-spin.svg\" class=\"wpforms-submit-spinner\" style=\"display: none;\" width=\"26\" height=\"26\" alt=\"Loading\"><\/div><\/form><\/div>  <!-- .wpforms-container --><\/div>\n<p><!--more--><br \/>\n<!-- {\"type\":\"layout\",\"children\":[{\"type\":\"section\",\"props\":{\"image_position\":\"center-center\",\"style\":\"default\",\"title_breakpoint\":\"xl\",\"title_position\":\"top-left\",\"title_rotation\":\"left\",\"vertical_align\":\"middle\",\"width\":\"default\"},\"children\":[{\"type\":\"row\",\"children\":[{\"type\":\"column\",\"props\":{\"image_position\":\"center-center\",\"position_sticky_breakpoint\":\"m\"},\"children\":[{\"type\":\"panel\",\"props\":{\"content\":\"\n\n<p>Veuillez remplir le formulaire ci-dessous pour commander et payer votre livre.<\\\/p>\",\"content_column_breakpoint\":\"m\",\"icon_width\":80,\"image\":\"wp-content\\\/uploads\\\/2024\\\/07\\\/livre-pensees-amour.jpg\",\"image_align\":\"right\",\"image_alt\":\"livre-pensees-amour\",\"image_box_shadow\":\"medium\",\"image_grid_breakpoint\":\"m\",\"image_grid_width\":\"1-5\",\"image_height\":200,\"image_svg_color\":\"emphasis\",\"link_style\":\"default\",\"link_text\":\"Read more\",\"margin\":\"default\",\"meta_align\":\"below-title\",\"meta_element\":\"div\",\"meta_style\":\"text-meta\",\"title_align\":\"top\",\"title_element\":\"h1\",\"title_grid_breakpoint\":\"m\",\"title_grid_width\":\"1-2\",\"title_hover_style\":\"reset\",\"title_style\":\"h1\"},\"source\":{\"query\":{\"name\":\"pages.singlePage\"},\"props\":{\"title\":{\"filters\":{\"search\":\"\"},\"name\":\"title\"}}}}]}]},{\"type\":\"row\",\"children\":[{\"type\":\"column\",\"props\":{\"image_position\":\"center-center\",\"position_sticky_breakpoint\":\"m\"},\"children\":[{\"type\":\"html\",\"props\":{\"content\":\"[wpforms id=\\\"615\\\"]\"}}]}]}]}],\"version\":\"4.4.6\"} --><\/p>\n","protected":false},"excerpt":{"rendered":"<p>Veuillez remplir le formulaire ci-dessous pour commander et payer votre livre.<\/p>\n","protected":false},"author":1,"featured_media":0,"parent":0,"menu_order":0,"comment_status":"closed","ping_status":"closed","template":"","meta":{"_bbp_topic_count":0,"_bbp_reply_count":0,"_bbp_total_topic_count":0,"_bbp_total_reply_count":0,"_bbp_voice_count":0,"_bbp_anonymous_reply_count":0,"_bbp_topic_count_hidden":0,"_bbp_reply_count_hidden":0,"_bbp_forum_subforum_count":0,"footnotes":""},"class_list":["post-650","page","type-page","status-publish","hentry"],"_links":{"self":[{"href":"https:\/\/essencechristique.ch\/pt-pt\/wp-json\/wp\/v2\/pages\/650","targetHints":{"allow":["GET"]}}],"collection":[{"href":"https:\/\/essencechristique.ch\/pt-pt\/wp-json\/wp\/v2\/pages"}],"about":[{"href":"https:\/\/essencechristique.ch\/pt-pt\/wp-json\/wp\/v2\/types\/page"}],"author":[{"embeddable":true,"href":"https:\/\/essencechristique.ch\/pt-pt\/wp-json\/wp\/v2\/users\/1"}],"replies":[{"embeddable":true,"href":"https:\/\/essencechristique.ch\/pt-pt\/wp-json\/wp\/v2\/comments?post=650"}],"version-history":[{"count":1,"href":"https:\/\/essencechristique.ch\/pt-pt\/wp-json\/wp\/v2\/pages\/650\/revisions"}],"predecessor-version":[{"id":651,"href":"https:\/\/essencechristique.ch\/pt-pt\/wp-json\/wp\/v2\/pages\/650\/revisions\/651"}],"wp:attachment":[{"href":"https:\/\/essencechristique.ch\/pt-pt\/wp-json\/wp\/v2\/media?parent=650"}],"curies":[{"name":"wp","href":"https:\/\/api.w.org\/{rel}","templated":true}]}}